{"id":976,"date":"2022-06-06T14:38:47","date_gmt":"2022-06-06T14:38:47","guid":{"rendered":"https:\/\/www.kropogpsykomotorik.dk\/?page_id=976"},"modified":"2023-11-06T20:02:45","modified_gmt":"2023-11-06T20:02:45","slug":"akupunktur","status":"publish","type":"page","link":"https:\/\/www.kropogpsykomotorik.dk\/index.php\/about-2\/akupunktur\/","title":{"rendered":"Akupunktur"},"content":{"rendered":"\n<div class=\"wp-block-cover is-light\"><span aria-hidden=\"true\" class=\"wp-block-cover__background has-background-dim\"><\/span><img loading=\"lazy\" decoding=\"async\" width=\"1880\" height=\"1253\" class=\"wp-block-cover__image-background wp-image-500\" alt=\"rocky cliffs near calm sea\" src=\"https:\/\/www.kropogpsykomotorik.dk\/wp-content\/uploads\/2020\/11\/pexels-photo-4993162.jpeg\" data-object-fit=\"cover\" srcset=\"https:\/\/www.kropogpsykomotorik.dk\/wp-content\/uploads\/2020\/11\/pexels-photo-4993162.jpeg 1880w, https:\/\/www.kropogpsykomotorik.dk\/wp-content\/uploads\/2020\/11\/pexels-photo-4993162-300x200.jpeg 300w, https:\/\/www.kropogpsykomotorik.dk\/wp-content\/uploads\/2020\/11\/pexels-photo-4993162-1024x682.jpeg 1024w, https:\/\/www.kropogpsykomotorik.dk\/wp-content\/uploads\/2020\/11\/pexels-photo-4993162-768x512.jpeg 768w, https:\/\/www.kropogpsykomotorik.dk\/wp-content\/uploads\/2020\/11\/pexels-photo-4993162-1536x1024.jpeg 1536w, https:\/\/www.kropogpsykomotorik.dk\/wp-content\/uploads\/2020\/11\/pexels-photo-4993162-1568x1045.jpeg 1568w\" sizes=\"auto, (max-width: 1880px) 100vw, 1880px\" \/><div class=\"wp-block-cover__inner-container is-layout-flow wp-block-cover-is-layout-flow\">\n<h2 class=\"wp-block-heading has-text-align-center has-background-color has-text-color\">Hurtig og effektiv smertelindring<\/h2>\n\n\n\n<div class=\"wp-block-buttons is-layout-flex wp-block-buttons-is-layout-flex\">\n<div class=\"wp-block-button aligncenter\"><a class=\"wp-block-button__link has-secondary-background-color has-background wp-element-button\" href=\"https:\/\/krop-og-psykomotorik.planway.com\">Book nu<\/a><\/div>\n<\/div>\n<\/div><\/div>\n\n\n\n<h2 class=\"wp-block-heading\">Den mest komplement\u00e6re behandling<\/h2>\n\n\n\n<p>Akupunktur er en flere tusinder \u00e5r gammel holistisk behandlingsform der er opst\u00e5et og har udviklet sig i Kina. I dag er det en del af den Traditionelle Kinesiske Medicin og den mest anvendte form for komplement\u00e6rbehandling i Danmark.<\/p>\n\n\n\n<p>Filosofien bag akupunktur er en holistisk tankegang, hvor kroppen er fuld af vital energi Qi, som skal cirkulere frit i kroppen.<\/p>\n\n\n\n<p>N\u00e5r der opst\u00e5r blokering af kroppens energibaner, bedre kendt som meridianer, stagnerer energi, hvilket kan give problemer af b\u00e5de fysisk og psykisk karakter.<\/p>\n\n\n\n<p>Dette kan bl.a. for\u00e5rsage smerte, sygdomme, uro, s\u00f8vnproblemer etc.<\/p>\n\n\n\n<p>Ved hj\u00e6lp af akupunktur stimuleres energibanernes naturlige flow og stagnationer l\u00f8snes og kroppen kommer i balance. Energiens flow i disse baner er forbundet til organernes tilstand og funktioner. Organer og meridianer p\u00e5virker hinanden b\u00e5de med l\u00f8ftende og h\u00e6mmende effekt.<\/p>\n\n\n\n<p>Man kan derfor sige at i akupunkturbehandling fungerer \u201dn\u00e5len\u201d som en adaptogen behandling, hvilket betyder, at n\u00e5lens indstik kan h\u00e6mme eller stimulere en funktion i kroppen alt efter hvad kroppen finder n\u00f8dvendigt for at kunne helbrede sig selv eller forbedre sin funktion.<\/p>\n\n\n\n<h2 class=\"wp-block-heading\">Effektiv smertebehandling<\/h2>\n\n\n\n<p>Akupunktur er utrolig effektiv som smertebehandling, og mange oplever at nedtrappe og endda helt stoppe med deres medicin til fordel for akupunkturen som ikke giver bivirkninger.<\/p>\n\n\n\n<p>Kort liste over de problemer akupunktur blandt andet kan afhj\u00e6lpe:<\/p>\n\n\n\n<ul class=\"wp-block-list\">\n<li>Akutte og kroniske smerter i kn\u00e6, skulder, nakke, ryg, led og muskler<\/li>\n\n\n\n<li>Allergier<\/li>\n\n\n\n<li>Hovedpine\/migr\u00e6ne<\/li>\n\n\n\n<li>Ford\u00f8jelsesproblemer<\/li>\n\n\n\n<li>PMS<\/li>\n\n\n\n<li>Hormonelle ubalancer<\/li>\n\n\n\n<li>Fertilitetsproblemer<\/li>\n\n\n\n<li>Menstruationssmerter<\/li>\n\n\n\n<li>Sv\u00e6kket immunforsvar<\/li>\n\n\n\n<li>Og meget andet<\/li>\n<\/ul>\n\n\n\n<h2 class=\"wp-block-heading\"><strong>Behandlinger<\/strong><\/h2>\n\n\n\n<p>Uanset \u00e5rsagen til din henvendelse, ser jeg kroppen som en helhed.<\/p>\n\n\n\n<p>For at afhj\u00e6lpe dine gener bedst muligt, starter en behandling altid med en samtale om dig og din situation og i f\u00e6llesskab planl\u00e6gger vi, et for dig, specifikt behandlingsforl\u00f8b<\/p>\n\n\n\n<p>Der er som oftest bedring med det samme, men jeg anbefaler altid at der gives 3-5 behandlinger inden for kort tid.<\/p>\n\n\n\n<p>Jeg behandler ud fra Moderne Akupunktur, TCM, \u00f8reakupunktur og NADA.<\/p>\n\n\n\n<p>Ved hj\u00e6lp af sterile engangsn\u00e5le p\u00e5 udvalgte punkter p\u00e5 kroppen kan balancen i kroppen genoprettes og p\u00e5 den m\u00e5de afhj\u00e6lpe problemer og sygdomme p\u00e5 en naturlig m\u00e5de.<\/p>\n\n\n\n<h2 class=\"wp-block-heading\">Priser<\/h2>\n\n\n\n<div class=\"wp-block-columns is-layout-flex wp-container-core-columns-is-layout-28f84493 wp-block-columns-is-layout-flex\">\n<div class=\"wp-block-column is-layout-flow wp-block-column-is-layout-flow\" style=\"flex-basis:66.66%\">\n<ul class=\"wp-block-list\">\n<li>Ca. 45 min.<\/li>\n\n\n\n<li>5 gange akupunktur<\/li>\n<\/ul>\n<\/div>\n\n\n\n<div class=\"wp-block-column is-layout-flow wp-block-column-is-layout-flow\" style=\"flex-basis:33.33%\">\n<p class=\"has-text-align-right\">Kr. 450<br>Kr. 1.800<\/p>\n\n\n\n<p class=\"has-text-align-right\"><\/p>\n<\/div>\n<\/div>\n\n\n\n<ul class=\"wp-block-list\">\n<li><\/li>\n<\/ul>\n\n\n\n<div class=\"wp-block-buttons is-content-justification-center is-layout-flex wp-container-core-buttons-is-layout-a89b3969 wp-block-buttons-is-layout-flex\">\n<div class=\"wp-block-button\"><a class=\"wp-block-button__link has-background wp-element-button\" href=\"https:\/\/krop-og-psykomotorik.planway.com\" style=\"background-color:#e20004\" target=\"_blank\" rel=\"noreferrer noopener\">Book nu<\/a><\/div>\n<\/div>\n","protected":false},"excerpt":{"rendered":"<p>Den mest komplement\u00e6re behandling Akupunktur er en flere tusinder \u00e5r gammel holistisk behandlingsform der er opst\u00e5et og har udviklet sig i Kina. I dag er det en del af den Traditionelle Kinesiske Medicin og den mest anvendte form for komplement\u00e6rbehandling i Danmark. Filosofien bag akupunktur er en holistisk tankegang, hvor kroppen er fuld af vital<a class=\"more-link\" href=\"https:\/\/www.kropogpsykomotorik.dk\/index.php\/about-2\/akupunktur\/\">Continue reading <span class=\"screen-reader-text\">&#8220;Akupunktur&#8221;<\/span><\/a><\/p>\n","protected":false},"author":1,"featured_media":0,"parent":36,"menu_order":0,"comment_status":"closed","ping_status":"closed","template":"","meta":{"footnotes":""},"class_list":["post-976","page","type-page","status-publish","hentry","entry"],"jetpack_sharing_enabled":true,"_links":{"self":[{"href":"https:\/\/www.kropogpsykomotorik.dk\/index.php\/wp-json\/wp\/v2\/pages\/976","targetHints":{"allow":["GET"]}}],"collection":[{"href":"https:\/\/www.kropogpsykomotorik.dk\/index.php\/wp-json\/wp\/v2\/pages"}],"about":[{"href":"https:\/\/www.kropogpsykomotorik.dk\/index.php\/wp-json\/wp\/v2\/types\/page"}],"author":[{"embeddable":true,"href":"https:\/\/www.kropogpsykomotorik.dk\/index.php\/wp-json\/wp\/v2\/users\/1"}],"replies":[{"embeddable":true,"href":"https:\/\/www.kropogpsykomotorik.dk\/index.php\/wp-json\/wp\/v2\/comments?post=976"}],"version-history":[{"count":10,"href":"https:\/\/www.kropogpsykomotorik.dk\/index.php\/wp-json\/wp\/v2\/pages\/976\/revisions"}],"predecessor-version":[{"id":1770,"href":"https:\/\/www.kropogpsykomotorik.dk\/index.php\/wp-json\/wp\/v2\/pages\/976\/revisions\/1770"}],"up":[{"embeddable":true,"href":"https:\/\/www.kropogpsykomotorik.dk\/index.php\/wp-json\/wp\/v2\/pages\/36"}],"wp:attachment":[{"href":"https:\/\/www.kropogpsykomotorik.dk\/index.php\/wp-json\/wp\/v2\/media?parent=976"}],"curies":[{"name":"wp","href":"https:\/\/api.w.org\/{rel}","templated":true}]}}