{"id":78,"date":"2020-06-12T14:51:33","date_gmt":"2020-06-12T14:51:33","guid":{"rendered":"https:\/\/kropogreformer.wordpress.com\/?page_id=78"},"modified":"2023-11-06T20:04:54","modified_gmt":"2023-11-06T20:04:54","slug":"zoneterapi","status":"publish","type":"page","link":"https:\/\/www.kropogpsykomotorik.dk\/index.php\/about-2\/zoneterapi\/","title":{"rendered":"Zoneterapi"},"content":{"rendered":"\n<div class=\"wp-block-cover alignfull is-light is-position-center-center\"><span aria-hidden=\"true\" class=\"wp-block-cover__background has-background-dim\"><\/span><img loading=\"lazy\" decoding=\"async\" width=\"940\" height=\"788\" class=\"wp-block-cover__image-background wp-image-161\" alt=\"\" src=\"https:\/\/www.kropogpsykomotorik.dk\/wp-content\/uploads\/2020\/09\/zoneterapi-1.png\" data-object-fit=\"cover\" srcset=\"https:\/\/www.kropogpsykomotorik.dk\/wp-content\/uploads\/2020\/09\/zoneterapi-1.png 940w, https:\/\/www.kropogpsykomotorik.dk\/wp-content\/uploads\/2020\/09\/zoneterapi-1-300x251.png 300w, https:\/\/www.kropogpsykomotorik.dk\/wp-content\/uploads\/2020\/09\/zoneterapi-1-768x644.png 768w\" sizes=\"auto, (max-width: 940px) 100vw, 940px\" \/><div class=\"wp-block-cover__inner-container is-layout-flow wp-block-cover-is-layout-flow\">\n<h1 class=\"wp-block-heading has-text-align-center\">Hele kroppen afspejlet i f\u00f8dderne<\/h1>\n\n\n\n<div class=\"wp-block-button aligncenter\"><a class=\"wp-block-button__link has-secondary-background-color has-background wp-element-button\" href=\"https:\/\/krop-og-psykomotorik.planway.com\">Book nu<\/a><\/div>\n<\/div><\/div>\n\n\n\n<div style=\"height:32px\" aria-hidden=\"true\" class=\"wp-block-spacer\"><\/div>\n\n\n\n<h2 class=\"wp-block-heading\">Zoneterapi og det hele menneske<\/h2>\n\n\n\n<p>Teorien bag zoneterapi er, at hele kroppen er afspejlet i reflekszoner under f\u00f8dderne, og tager udgangspunkt i b\u00e5de krop, \u00e5nd og sind &#8211; med andre ord; det hele menneske.<\/p>\n\n\n\n<p>Ved p\u00e5virkning og behandling af f\u00f8ddernes zoner, kan man p\u00e5virke kroppens organer, og derigennem rette op p\u00e5 ubalancer, som kan give symptomer som smerter\/\u00f8mhed og sp\u00e6ndinger. Dette sker bl.a. fordi kredsl\u00f8bet stimuleres, ilttransporten \u00f8ges og dermed udskillelsen af affaldsstoffer.<\/p>\n\n\n\n<h2 class=\"wp-block-heading\">Ogs\u00e5 til moderne livsstilssygdomme<\/h2>\n\n\n\n<p>Selv om zoneterapien er flere tusinder \u00e5r gammel, er den stadig velegnet til moderne livstilssygdomme. Ofte er der ikke tale om en enkelt \u00e5rsag, men flere forskellige ubalancer.<\/p>\n\n\n\n<p>Zoneterapi kan hj\u00e6lpe kroppen til at genvinde egne selvhelbredende kr\u00e6fter og finde sin naturlige balance. Den kan lindre og forebygge sygdomme\/ubalancer som:<\/p>\n\n\n\n<ul class=\"wp-block-list\">\n<li>Astma og allergier<\/li>\n\n\n\n<li>Smerter i led og muskler<\/li>\n\n\n\n<li>Hovedpine\/migr\u00e6ne<\/li>\n\n\n\n<li>Hormonelle gener<\/li>\n\n\n\n<li>Ford\u00f8jelsesproblemer (kvalme, forstoppelse osv.)<\/li>\n\n\n\n<li>Bet\u00e6ndelsestilstande, b\u00e5de akutte og kroniske<\/li>\n\n\n\n<li>Sv\u00e6kket immunforsvar&nbsp;<\/li>\n\n\n\n<li>Og meget mere&#8230;<\/li>\n<\/ul>\n\n\n\n<div class=\"wp-block-buttons is-content-justification-center is-layout-flex wp-container-core-buttons-is-layout-a89b3969 wp-block-buttons-is-layout-flex\">\n<div class=\"wp-block-button\"><a class=\"wp-block-button__link has-background wp-element-button\" href=\"https:\/\/krop-og-psykomotorik.planway.com\" style=\"background-color:#e20004\">Book nu<\/a><\/div>\n<\/div>\n\n\n\n<h2 class=\"wp-block-heading\">S\u00e5dan foreg\u00e5r behandlingen med zoneterapi<\/h2>\n\n\n\n<p>Ved din f\u00f8rste behandling starter vi altid med en samtale hvor vi taler om baggrunden for din henvendelse. Som zoneterapeut har jeg selvf\u00f8lgelig tavshedspligt. Ud fra vores samtale vil jeg udarbejde en behandlingsplan, som er helt individuelt tilpasset dig.<\/p>\n\n\n\n<p>S\u00e5 g\u00e5r vi i gang med den fysiske behandling. Her ligger du p\u00e5 en briks, fuldt p\u00e5kl\u00e6dt (p\u00e5n\u00e6r str\u00f8mper), mens jeg stimulerer forskellige zoner under dine t\u00e6er og f\u00f8dder. Dine f\u00f8dder fort\u00e6ller meget om, hvordan din krop har det, s\u00e5 her vil jeg ogs\u00e5 tilpasse din individuelle behandlingsplan, s\u00e5 vi hurtigst muligt kan f\u00e5 dig tilbage i balance.<\/p>\n\n\n\n<h2 class=\"wp-block-heading\">Efter en behandling med zoneterapi<\/h2>\n\n\n\n<p>Under en zoneterapeutisk behandling er det meget normalt at dit blodsukker og kropstemperatur falder. Det er alts\u00e5 ikke ualmindeligt, at du kan opleve kropslige reaktioner efter din behandling. Din krop er i gang med at rense ud i dit system, og det kan du fx opleve ved \u00f8get tr\u00e6thed, lettere utilpashed eller hyppigere toiletbes\u00f8g. Det er altsammen helt normalt, og helt som det skal v\u00e6re &#8211; du skal blot s\u00f8rge for, at du drikker rigeligt med v\u00e6ske efter behandlingen.&nbsp;<\/p>\n\n\n\n<h2 class=\"wp-block-heading\">Varighed og priser for zoneterapi:<\/h2>\n\n\n\n<div class=\"wp-block-columns is-layout-flex wp-container-core-columns-is-layout-28f84493 wp-block-columns-is-layout-flex\">\n<div class=\"wp-block-column is-layout-flow wp-block-column-is-layout-flow\" style=\"flex-basis:66.66%\">\n<ul class=\"wp-block-list\">\n<li>F\u00f8rste behandling inkl. samtale: 90 min.<\/li>\n\n\n\n<li>Efterf\u00f8lgende behandling: 60 min.<\/li>\n\n\n\n<li>B\u00f8rn under 12 \u00e5r: 20-60 min. afh\u00e6ngigt af alder og evne til at ligge stille.<\/li>\n<\/ul>\n<\/div>\n\n\n\n<div class=\"wp-block-column is-layout-flow wp-block-column-is-layout-flow\" style=\"flex-basis:33.33%\">\n<p class=\"has-text-align-right\">Kr. 485<br>Kr. 455<br>Kr. 347<br><br><\/p>\n<\/div>\n<\/div>\n\n\n\n<div class=\"wp-block-buttons is-content-justification-center is-layout-flex wp-container-core-buttons-is-layout-a89b3969 wp-block-buttons-is-layout-flex\">\n<div class=\"wp-block-button\"><a class=\"wp-block-button__link has-background wp-element-button\" href=\"https:\/\/krop-og-psykomotorik.planway.com\" style=\"background-color:#e20004\">Book nu<\/a><\/div>\n<\/div>\n\n\n\n<div class=\"wp-block-cover aligncenter is-light\"><span aria-hidden=\"true\" class=\"wp-block-cover__background has-background-dim-10 has-background-dim\"><\/span><img loading=\"lazy\" decoding=\"async\" width=\"940\" height=\"587\" class=\"wp-block-cover__image-background wp-image-168\" alt=\"\" src=\"https:\/\/www.kropogpsykomotorik.dk\/wp-content\/uploads\/2020\/09\/fodaftryk-i-sand-edited.jpg\" data-object-fit=\"cover\" srcset=\"https:\/\/www.kropogpsykomotorik.dk\/wp-content\/uploads\/2020\/09\/fodaftryk-i-sand-edited.jpg 940w, https:\/\/www.kropogpsykomotorik.dk\/wp-content\/uploads\/2020\/09\/fodaftryk-i-sand-edited-300x187.jpg 300w, https:\/\/www.kropogpsykomotorik.dk\/wp-content\/uploads\/2020\/09\/fodaftryk-i-sand-edited-768x480.jpg 768w\" sizes=\"auto, (max-width: 940px) 100vw, 940px\" \/><div class=\"wp-block-cover__inner-container is-layout-flow wp-block-cover-is-layout-flow\">\n<blockquote class=\"wp-block-quote is-layout-flow wp-block-quote-is-layout-flow\">\n<p><em>Walk as if your feet are kissing the Earth<\/em><\/p>\n<cite>Thich Nhat Hanh<\/cite><\/blockquote>\n<\/div><\/div>\n\n\n\n<p><\/p>\n","protected":false},"excerpt":{"rendered":"<p>Zoneterapi og det hele menneske Teorien bag zoneterapi er, at hele kroppen er afspejlet i reflekszoner under f\u00f8dderne, og tager udgangspunkt i b\u00e5de krop, \u00e5nd og sind &#8211; med andre ord; det hele menneske. Ved p\u00e5virkning og behandling af f\u00f8ddernes zoner, kan man p\u00e5virke kroppens organer, og derigennem rette op p\u00e5 ubalancer, som kan give<a class=\"more-link\" href=\"https:\/\/www.kropogpsykomotorik.dk\/index.php\/about-2\/zoneterapi\/\">Continue reading <span class=\"screen-reader-text\">&#8220;Zoneterapi&#8221;<\/span><\/a><\/p>\n","protected":false},"author":1,"featured_media":160,"parent":36,"menu_order":0,"comment_status":"closed","ping_status":"closed","template":"","meta":{"footnotes":""},"class_list":["post-78","page","type-page","status-publish","has-post-thumbnail","hentry","entry"],"jetpack_sharing_enabled":true,"_links":{"self":[{"href":"https:\/\/www.kropogpsykomotorik.dk\/index.php\/wp-json\/wp\/v2\/pages\/78","targetHints":{"allow":["GET"]}}],"collection":[{"href":"https:\/\/www.kropogpsykomotorik.dk\/index.php\/wp-json\/wp\/v2\/pages"}],"about":[{"href":"https:\/\/www.kropogpsykomotorik.dk\/index.php\/wp-json\/wp\/v2\/types\/page"}],"author":[{"embeddable":true,"href":"https:\/\/www.kropogpsykomotorik.dk\/index.php\/wp-json\/wp\/v2\/users\/1"}],"replies":[{"embeddable":true,"href":"https:\/\/www.kropogpsykomotorik.dk\/index.php\/wp-json\/wp\/v2\/comments?post=78"}],"version-history":[{"count":27,"href":"https:\/\/www.kropogpsykomotorik.dk\/index.php\/wp-json\/wp\/v2\/pages\/78\/revisions"}],"predecessor-version":[{"id":1775,"href":"https:\/\/www.kropogpsykomotorik.dk\/index.php\/wp-json\/wp\/v2\/pages\/78\/revisions\/1775"}],"up":[{"embeddable":true,"href":"https:\/\/www.kropogpsykomotorik.dk\/index.php\/wp-json\/wp\/v2\/pages\/36"}],"wp:featuredmedia":[{"embeddable":true,"href":"https:\/\/www.kropogpsykomotorik.dk\/index.php\/wp-json\/wp\/v2\/media\/160"}],"wp:attachment":[{"href":"https:\/\/www.kropogpsykomotorik.dk\/index.php\/wp-json\/wp\/v2\/media?parent=78"}],"curies":[{"name":"wp","href":"https:\/\/api.w.org\/{rel}","templated":true}]}}