{"id":51,"date":"2020-06-11T15:26:34","date_gmt":"2020-06-11T15:26:34","guid":{"rendered":"https:\/\/dorisogelisabeth.wordpress.com\/?page_id=35"},"modified":"2023-01-01T15:40:13","modified_gmt":"2023-01-01T15:40:13","slug":"om-os","status":"publish","type":"page","link":"https:\/\/www.kropogpsykomotorik.dk\/index.php\/om-os\/","title":{"rendered":"OM MIG"},"content":{"rendered":"\n<p class=\"has-text-align-left\">Jeg er en professionel og erfaren underviser og behandler med en bred viden og mange kompetencer. Jeg elsker, hvad jeg laver, og g\u00f8r det med stor passion, s\u00e5 du kan trygt f\u00f8le dig i kompetente h\u00e6nder hos mig.<\/p>\n\n\n\n<p>Jeg ser mig selv som et autentisk menneske med et \u00e6gte engagement, respekt og ydmyghed for mit arbejde med menneskerne omkring mig.<\/p>\n\n\n\n<p>Med over 30 \u00e5rs erfaring i mange forskellige sammenh\u00e6nge inden for social- og sundhedsfagene, har jeg arbejdet med mennesker der har oplevet udfordringer i alle afskygninger, fra angst, vrede, psykiske- og fysiske udfordringer, og kropslige gener. &nbsp;<\/p>\n\n\n\n<p>Min tilgang hviler bl.a. p\u00e5 metoder funderet i den narrative teori, som \u00f8nsker at medvirke til, at mennesker kan finde deres foretrukne fort\u00e6llinger og praksisser frem.&nbsp;<\/p>\n\n\n\n<p>Mennesker fors\u00f8ger at skabe mening og sammenh\u00e6ng igennem fort\u00e6llinger, som et v\u00e6rn mod kaos og utryghed, der stilles til stadighed alle mulige former for pr\u00e6stationskrav til os i vores kultur. <\/p>\n\n\n\n<p>Det er min opfattelse, at n\u00e5r vi f\u00e5r genetableret vores foretrukne fort\u00e6llinger, f\u00e5r vi samtidig genetableret vores form b\u00e5de kropsligt og mentalt, og hvad der skal til for at det giver mening.<\/p>\n\n\n\n<p>I kroppen st\u00e5r vores fort\u00e6llinger oftest i et rodet og kompliceret forhold til hinanden, meget af det som sker i vores liv, vores initiativer og handlinger forbliver ubem\u00e6rkede af os selv, vi registrerer m\u00e5ske ikke uhensigtsm\u00e6ssige kropslige tillagte vaner, hvorfor der kan v\u00e6re brug for hj\u00e6lp til at \u00f8ve sig i at blive bedre til at lytte, blive opm\u00e6rksom gennem manuel kropsterapi og samtale for derigennem at f\u00e5 en anden fort\u00e6lling frem som kroppen kan f\u00e5 det bedre med.&nbsp;<\/p>\n\n\n\n<p>Hos Krop og psykomotorik tilbyder jeg hj\u00e6lp til dig, som bl.a. har udfordringer med<\/p>\n\n\n\n<ul class=\"wp-block-list\"><li>Smerter<\/li><li>Problematikker i bev\u00e6geapparatet<\/li><li>Sp\u00e6ndinger<\/li><li>Uro<\/li><li>Angst<\/li><li>Stress<\/li><li>&#8230;<\/li><\/ul>\n\n\n\n<p>Jeg f\u00f8ler mig meget privilegeret i m\u00f8det med mennesker, det g\u00f8r mig nysgerrig p\u00e5 dem og ikke mindst mig selv, som opdager nye udviklingspotentialer.<\/p>\n\n\n\n<p>Jeg vil gl\u00e6de mig til at m\u00f8de dig i min klinik, eller derude et sted.<\/p>\n\n\n\n<div style=\"height:50px\" aria-hidden=\"true\" class=\"wp-block-spacer\"><\/div>\n\n\n\n<hr class=\"wp-block-separator has-css-opacity is-style-wide\"\/>\n\n\n\n<div style=\"height:32px\" aria-hidden=\"true\" class=\"wp-block-spacer\"><\/div>\n\n\n\n<blockquote class=\"wp-block-quote is-layout-flow wp-block-quote-is-layout-flow\"><p>\u201dDet er fort\u00e6llingerne der former livet og identiteten i en aldrig afsluttet proces. Man er altid p\u00e5 vej, og fort\u00e6llingerne er aldrig afsluttede, men altid under tilblivelse.\u201d<\/p><cite>&#8211; Gilles Deleuze<\/cite><\/blockquote>\n\n\n\n<div style=\"height:31px\" aria-hidden=\"true\" class=\"wp-block-spacer desktop-only\"><\/div>\n\n\n\n<hr class=\"wp-block-separator has-css-opacity is-style-wide\"\/>\n\n\n\n<div style=\"height:32px\" aria-hidden=\"true\" class=\"wp-block-spacer desktop-only\"><\/div>\n\n\n\n<h2 class=\"has-text-align-center wp-block-heading\">Har du sp\u00f8rgsm\u00e5l?<\/h2>\n\n\n\n<div class=\"wp-block-buttons is-content-justification-center is-layout-flex wp-container-core-buttons-is-layout-a89b3969 wp-block-buttons-is-layout-flex\">\n<div class=\"wp-block-button\"><a class=\"wp-block-button__link has-background\" href=\"https:\/\/www.kropogpsykomotorik.dk\/index.php\/kontakt\/\" style=\"background-color:#e20004\">Kontakt mig<\/a><\/div>\n<\/div>\n\n\n\n<div style=\"height:32px\" aria-hidden=\"true\" class=\"wp-block-spacer desktop-only\"><\/div>\n\n\n\n<hr class=\"wp-block-separator has-css-opacity is-style-wide\"\/>\n\n\n\n<div style=\"height:32px\" aria-hidden=\"true\" class=\"wp-block-spacer\"><\/div>\n","protected":false},"excerpt":{"rendered":"<p>Jeg er en professionel og erfaren underviser og behandler med en bred viden og mange kompetencer. Jeg elsker, hvad jeg laver, og g\u00f8r det med stor passion, s\u00e5 du kan trygt f\u00f8le dig i kompetente h\u00e6nder hos mig. Jeg ser mig selv som et autentisk menneske med et \u00e6gte engagement, respekt og ydmyghed for mit<a class=\"more-link\" href=\"https:\/\/www.kropogpsykomotorik.dk\/index.php\/om-os\/\">Continue reading <span class=\"screen-reader-text\">&#8220;OM MIG&#8221;<\/span><\/a><\/p>\n","protected":false},"author":1,"featured_media":0,"parent":0,"menu_order":0,"comment_status":"closed","ping_status":"closed","template":"","meta":{"footnotes":""},"class_list":["post-51","page","type-page","status-publish","hentry","entry"],"jetpack_sharing_enabled":true,"_links":{"self":[{"href":"https:\/\/www.kropogpsykomotorik.dk\/index.php\/wp-json\/wp\/v2\/pages\/51","targetHints":{"allow":["GET"]}}],"collection":[{"href":"https:\/\/www.kropogpsykomotorik.dk\/index.php\/wp-json\/wp\/v2\/pages"}],"about":[{"href":"https:\/\/www.kropogpsykomotorik.dk\/index.php\/wp-json\/wp\/v2\/types\/page"}],"author":[{"embeddable":true,"href":"https:\/\/www.kropogpsykomotorik.dk\/index.php\/wp-json\/wp\/v2\/users\/1"}],"replies":[{"embeddable":true,"href":"https:\/\/www.kropogpsykomotorik.dk\/index.php\/wp-json\/wp\/v2\/comments?post=51"}],"version-history":[{"count":11,"href":"https:\/\/www.kropogpsykomotorik.dk\/index.php\/wp-json\/wp\/v2\/pages\/51\/revisions"}],"predecessor-version":[{"id":1236,"href":"https:\/\/www.kropogpsykomotorik.dk\/index.php\/wp-json\/wp\/v2\/pages\/51\/revisions\/1236"}],"wp:attachment":[{"href":"https:\/\/www.kropogpsykomotorik.dk\/index.php\/wp-json\/wp\/v2\/media?parent=51"}],"curies":[{"name":"wp","href":"https:\/\/api.w.org\/{rel}","templated":true}]}}