{"id":372,"date":"2020-11-03T16:05:40","date_gmt":"2020-11-03T16:05:40","guid":{"rendered":"https:\/\/www.kropogpsykomotorik.dk\/?page_id=372"},"modified":"2023-11-06T20:03:04","modified_gmt":"2023-11-06T20:03:04","slug":"laser-ultralydsbehandling","status":"publish","type":"page","link":"https:\/\/www.kropogpsykomotorik.dk\/index.php\/about-2\/laser-ultralydsbehandling\/","title":{"rendered":"El-terapi"},"content":{"rendered":"\n<div class=\"wp-block-cover alignfull is-light\"><span aria-hidden=\"true\" class=\"wp-block-cover__background has-background-dim\"><\/span><img loading=\"lazy\" decoding=\"async\" width=\"1024\" height=\"682\" class=\"wp-block-cover__image-background wp-image-49\" alt=\"\" src=\"https:\/\/www.kropogpsykomotorik.dk\/wp-content\/uploads\/2020\/06\/4ee49-qi-bin-w4hbafegiac-unsplash-1024x682.jpg\" data-object-fit=\"cover\" srcset=\"https:\/\/www.kropogpsykomotorik.dk\/wp-content\/uploads\/2020\/06\/4ee49-qi-bin-w4hbafegiac-unsplash-1024x682.jpg 1024w, https:\/\/www.kropogpsykomotorik.dk\/wp-content\/uploads\/2020\/06\/4ee49-qi-bin-w4hbafegiac-unsplash-300x200.jpg 300w, https:\/\/www.kropogpsykomotorik.dk\/wp-content\/uploads\/2020\/06\/4ee49-qi-bin-w4hbafegiac-unsplash-768x512.jpg 768w, https:\/\/www.kropogpsykomotorik.dk\/wp-content\/uploads\/2020\/06\/4ee49-qi-bin-w4hbafegiac-unsplash-1536x1023.jpg 1536w, https:\/\/www.kropogpsykomotorik.dk\/wp-content\/uploads\/2020\/06\/4ee49-qi-bin-w4hbafegiac-unsplash-1200x800.jpg 1200w, https:\/\/www.kropogpsykomotorik.dk\/wp-content\/uploads\/2020\/06\/4ee49-qi-bin-w4hbafegiac-unsplash.jpg 1600w\" sizes=\"auto, (max-width: 1024px) 100vw, 1024px\" \/><div class=\"wp-block-cover__inner-container is-layout-flow wp-block-cover-is-layout-flow\">\n<h1 class=\"wp-block-heading has-background-color has-text-color\">Hurtigere restitution med el-terapi<\/h1>\n\n\n\n<div class=\"wp-block-buttons is-content-justification-center is-layout-flex wp-container-core-buttons-is-layout-a89b3969 wp-block-buttons-is-layout-flex\">\n<div class=\"wp-block-button\"><a class=\"wp-block-button__link has-background-color has-secondary-background-color has-text-color has-background wp-element-button\" href=\"https:\/\/krop-og-psykomotorik.planway.com\" target=\"_blank\" rel=\"noreferrer noopener\">Book nu<\/a><\/div>\n<\/div>\n<\/div><\/div>\n\n\n\n<p>Det nyeste i klinikken er el-terapi, som er laserterapi og ultralydsbehandling.<\/p>\n\n\n\n<p>El-terapi bruges som oftest i kombination med en anden behandling for at opn\u00e5 det bedste resultat for dig og dine specifikke problematikker.&nbsp;<\/p>\n\n\n\n<p>Det kan fx bruges med massage, hvor jeg med elterapi kan n\u00e5 meget dybere i dine muskler, og f\u00e5 l\u00f8snet op for sp\u00e6ndinger.<\/p>\n\n\n\n<p>Det kan bruges ved tr\u00e6nings\u00f8velser, hvis der er noget specifikt der l\u00e5ser eller p\u00e5 anden m\u00e5de hindrer din tr\u00e6ning.<\/p>\n\n\n\n<p>Der opn\u00e5s en aktiv aflastning og behandling af bl\u00f8ddele hvor v\u00e6vet l\u00f8snes op og blodcirkulationen til det p\u00e5g\u00e6ldende omr\u00e5de forbedres &#8211; du heler hurtigere og effektivt.<\/p>\n\n\n\n<h2 class=\"wp-block-heading\"><strong>El-terapi kan hj\u00e6lpe dig med:<\/strong><\/h2>\n\n\n\n<ul class=\"wp-block-list\">\n<li>Lindring af akutte og kroniske smerter &#8211; Ved at stimulere kroppens egen produktion af endorfiner opn\u00e5s en smerted\u00e6mpende effekt<\/li>\n\n\n\n<li>Reducere h\u00e6velse og bet\u00e6ndelsestilstande &#8211; blodgennemstr\u00f8mningen \u00f8ges<\/li>\n\n\n\n<li>Reparation af v\u00e6vsskade &#8211; musklerne afslappes<\/li>\n<\/ul>\n\n\n\n<figure class=\"wp-block-image size-large\"><img loading=\"lazy\" decoding=\"async\" width=\"342\" height=\"360\" src=\"https:\/\/www.kropogpsykomotorik.dk\/wp-content\/uploads\/2021\/03\/hurtigere-heling-med-laserterapi.png\" alt=\"\" class=\"wp-image-475\" srcset=\"https:\/\/www.kropogpsykomotorik.dk\/wp-content\/uploads\/2021\/03\/hurtigere-heling-med-laserterapi.png 342w, https:\/\/www.kropogpsykomotorik.dk\/wp-content\/uploads\/2021\/03\/hurtigere-heling-med-laserterapi-285x300.png 285w\" sizes=\"auto, (max-width: 342px) 100vw, 342px\" \/><\/figure>\n\n\n\n<h2 class=\"wp-block-heading\"><strong>Laserterapi kort fortalt<\/strong><\/h2>\n\n\n\n<p>Laserterapi er energi, der i koncentreret form forbedrer den naturlige heling i muskel-, sene- og knoglev\u00e6v.<\/p>\n\n\n\n<p>Laser er en speciel form for forst\u00e6rket rent lys, der er ensrettet og koncentreret. Laserlyset tr\u00e6nger dybt ind i v\u00e6vet til den enkelte celle. Cellen udnytter energien fra laserlyset til at igangs\u00e6tte alle kroppens naturlige reparationsprocesser, s\u00e5 du f\u00e5r en hurtigere og effektiv heling.<\/p>\n\n\n\n<p>N\u00e5r laser bruges terapeutisk til behandling af skader i kroppen virker det fotokemisk, og kan sammenlignes lidt med fotosyntesen som sker i planter hvor solen skinner p\u00e5 dem og der opst\u00e5r en kemisk reaktion. Laserlyset g\u00e5r alts\u00e5 ind p\u00e5 celleniveau og s\u00e6tter gang i kemiske processer i din krop, som s\u00e6tter cellerne i stand til at hele sig selv hurtigere.<\/p>\n\n\n\n<h2 class=\"wp-block-heading\"><strong>Laserbehandling bruges til:<\/strong><\/h2>\n\n\n\n<ul class=\"wp-block-list\">\n<li>Akutte smerter i muskler, sener og led<\/li>\n\n\n\n<li>Overbelastningssmerter som f.eks. ved forstr\u00e6kning\/ overrivning af muskelfibre<\/li>\n\n\n\n<li>Gigt\/ledsmerter<\/li>\n\n\n\n<li>Smidigg\u00f8relse af arv\u00e6v og reducering af v\u00e6vsbeskadigelse<\/li>\n\n\n\n<li>Svage kn\u00e6led<\/li>\n\n\n\n<li>Degenerative ledproblemer<\/li>\n\n\n\n<li>Kroniske, ikke helende s\u00e5r<\/li>\n<\/ul>\n\n\n\n<h2 class=\"wp-block-heading\"><strong>Bivirkninger ved laserbehandling<\/strong><\/h2>\n\n\n\n<p>P\u00e5 grund af str\u00e5lens spredning, er der ingen risiko for skader p\u00e5 v\u00e6vet, n\u00e5r man behandler med terapeutiske lasere.<\/p>\n\n\n\n<p>Behandling med laser er smertefri og ikke forbundet med nogen bivirkninger.<\/p>\n\n\n\n<p>Der kan opleves en behandlingsreaktion i form af \u00f8get irritation, uro og murren i omr\u00e5det. Det er normalt og aftager i l\u00f8bet af 12-24 timer.<\/p>\n\n\n\n<h2 class=\"wp-block-heading\"><strong>Kort fortalt om ultralydsbehandling<\/strong><\/h2>\n\n\n\n<p>Terapeutisk ultralyd er brugen af h\u00f8jfrekvente lydb\u00f8lger, der ligger over det menneskelige h\u00f8rbare omr\u00e5de (20 Hz).&nbsp;<\/p>\n\n\n\n<p>Ultralydsbehandling fungerer ved at lydb\u00f8lger sendes dybt ind under huden til muskler, sener, ledb\u00e5nd og knogler. Her tilf\u00f8res det p\u00e5virkede v\u00e6v en mekanisk energi, der enten kan give en betydelig temperaturstigning i v\u00e6vet eller en massageeffekt p\u00e5 mikroniveau gennem trykforandringerne. Det g\u00f8r bindev\u00e6vet mere elastisk og kemiske helingsprocesser lokalt i v\u00e6vet fremskyndes mens h\u00e6velser og eventuelle blodansamlinger fjernes.<\/p>\n\n\n\n<h2 class=\"wp-block-heading\"><strong>Ultralyd har stor effekt p\u00e5<\/strong><\/h2>\n\n\n\n<ul class=\"wp-block-list\">\n<li>Inflammationstilstande<\/li>\n\n\n\n<li>Muskelsmerter pga nervep\u00e5virkning<\/li>\n\n\n\n<li>Fiberspr\u00e6ngninger<\/li>\n\n\n\n<li>Forstuvninger<\/li>\n\n\n\n<li>Muskelafslapning<\/li>\n\n\n\n<li>Arv\u00e6v&nbsp;<\/li>\n\n\n\n<li>S\u00e5rheling<\/li>\n<\/ul>\n\n\n\n<p>Man kan m\u00e6rke en positiv effekt allerede efter den f\u00f8rste behandling, men afh\u00e6ngigt af v\u00e6vets tilstand varierer det hvor mange behandlinger, man skal have.<\/p>\n\n\n\n<h2 class=\"wp-block-heading\"><strong>Bivirkninger ved ultralyd<\/strong><\/h2>\n\n\n\n<p>Behandling med ultralyd er smertefrit og ikke forbundet med nogen bivirkninger.&nbsp;<\/p>\n\n\n\n<p>Ved selve behandlingen m\u00e6rker man h\u00f8jst en varme i det omr\u00e5de, som bliver behandlet.&nbsp;<\/p>\n\n\n\n<p>Der kan dog v\u00e6re tale om behandlingsreaktioner, som kan give uro og tr\u00e6thed i det behandlede omr\u00e5de. Dette vil foretage sig inden for 12-24 timer.<\/p>\n\n\n\n<h2 class=\"wp-block-heading\">Men hvordan ved jeg, om jeg skal v\u00e6lge laser- eller ultralydsbehandling?<\/h2>\n\n\n\n<p>Det beh\u00f8ver du slet ikke t\u00e6nke p\u00e5 &#8211; den klarer jeg. <\/p>\n\n\n\n<p>Og da det som oftest bliver brugt i kombination med anden behandling, vil du blot opleve at blive spurgt, om du har lyst til at pr\u00f8ve, at jeg ogs\u00e5 benytter laser- eller ultralyd. <\/p>\n","protected":false},"excerpt":{"rendered":"<p>Det nyeste i klinikken er el-terapi, som er laserterapi og ultralydsbehandling. El-terapi bruges som oftest i kombination med en anden behandling for at opn\u00e5 det bedste resultat for dig og dine specifikke problematikker.&nbsp; Det kan fx bruges med massage, hvor jeg med elterapi kan n\u00e5 meget dybere i dine muskler, og f\u00e5 l\u00f8snet op for<a class=\"more-link\" href=\"https:\/\/www.kropogpsykomotorik.dk\/index.php\/about-2\/laser-ultralydsbehandling\/\">Continue reading <span class=\"screen-reader-text\">&#8220;El-terapi&#8221;<\/span><\/a><\/p>\n","protected":false},"author":1,"featured_media":0,"parent":36,"menu_order":0,"comment_status":"closed","ping_status":"closed","template":"","meta":{"footnotes":""},"class_list":["post-372","page","type-page","status-publish","hentry","entry"],"jetpack_sharing_enabled":true,"_links":{"self":[{"href":"https:\/\/www.kropogpsykomotorik.dk\/index.php\/wp-json\/wp\/v2\/pages\/372","targetHints":{"allow":["GET"]}}],"collection":[{"href":"https:\/\/www.kropogpsykomotorik.dk\/index.php\/wp-json\/wp\/v2\/pages"}],"about":[{"href":"https:\/\/www.kropogpsykomotorik.dk\/index.php\/wp-json\/wp\/v2\/types\/page"}],"author":[{"embeddable":true,"href":"https:\/\/www.kropogpsykomotorik.dk\/index.php\/wp-json\/wp\/v2\/users\/1"}],"replies":[{"embeddable":true,"href":"https:\/\/www.kropogpsykomotorik.dk\/index.php\/wp-json\/wp\/v2\/comments?post=372"}],"version-history":[{"count":8,"href":"https:\/\/www.kropogpsykomotorik.dk\/index.php\/wp-json\/wp\/v2\/pages\/372\/revisions"}],"predecessor-version":[{"id":1771,"href":"https:\/\/www.kropogpsykomotorik.dk\/index.php\/wp-json\/wp\/v2\/pages\/372\/revisions\/1771"}],"up":[{"embeddable":true,"href":"https:\/\/www.kropogpsykomotorik.dk\/index.php\/wp-json\/wp\/v2\/pages\/36"}],"wp:attachment":[{"href":"https:\/\/www.kropogpsykomotorik.dk\/index.php\/wp-json\/wp\/v2\/media?parent=372"}],"curies":[{"name":"wp","href":"https:\/\/api.w.org\/{rel}","templated":true}]}}