{"id":370,"date":"2020-11-03T16:04:57","date_gmt":"2020-11-03T16:04:57","guid":{"rendered":"https:\/\/www.kropogpsykomotorik.dk\/?page_id=370"},"modified":"2023-11-06T20:00:40","modified_gmt":"2023-11-06T20:00:40","slug":"nada-akupunktur","status":"publish","type":"page","link":"https:\/\/www.kropogpsykomotorik.dk\/index.php\/nada-akupunktur\/","title":{"rendered":"NADA-akupunktur"},"content":{"rendered":"\n<div class=\"wp-block-cover alignfull is-light\"><span aria-hidden=\"true\" class=\"wp-block-cover__background has-background-dim\"><\/span><img loading=\"lazy\" decoding=\"async\" width=\"1880\" height=\"1253\" class=\"wp-block-cover__image-background wp-image-500\" alt=\"\" src=\"https:\/\/www.kropogpsykomotorik.dk\/wp-content\/uploads\/2020\/11\/pexels-photo-4993162.jpeg\" style=\"object-position:53% 100%\" data-object-fit=\"cover\" data-object-position=\"53% 100%\" srcset=\"https:\/\/www.kropogpsykomotorik.dk\/wp-content\/uploads\/2020\/11\/pexels-photo-4993162.jpeg 1880w, https:\/\/www.kropogpsykomotorik.dk\/wp-content\/uploads\/2020\/11\/pexels-photo-4993162-300x200.jpeg 300w, https:\/\/www.kropogpsykomotorik.dk\/wp-content\/uploads\/2020\/11\/pexels-photo-4993162-1024x682.jpeg 1024w, https:\/\/www.kropogpsykomotorik.dk\/wp-content\/uploads\/2020\/11\/pexels-photo-4993162-768x512.jpeg 768w, https:\/\/www.kropogpsykomotorik.dk\/wp-content\/uploads\/2020\/11\/pexels-photo-4993162-1536x1024.jpeg 1536w, https:\/\/www.kropogpsykomotorik.dk\/wp-content\/uploads\/2020\/11\/pexels-photo-4993162-1568x1045.jpeg 1568w\" sizes=\"auto, (max-width: 1880px) 100vw, 1880px\" \/><div class=\"wp-block-cover__inner-container is-layout-flow wp-block-cover-is-layout-flow\">\n<h1 class=\"wp-block-heading has-text-align-center has-background-color has-text-color\">Find ro og skab en samtale<br>med dig selv<\/h1>\n\n\n\n<div class=\"wp-block-buttons is-content-justification-center is-layout-flex wp-container-core-buttons-is-layout-a89b3969 wp-block-buttons-is-layout-flex\">\n<div class=\"wp-block-button\"><a class=\"wp-block-button__link has-secondary-background-color has-background wp-element-button\" href=\"https:\/\/krop-og-psykomotorik.planway.com\" target=\"_blank\" rel=\"noreferrer noopener\">Book nu<\/a><\/div>\n<\/div>\n<\/div><\/div>\n\n\n\n<p>NADA er en form for \u00f8reakupunktur og er en forkortelse af National Acupuncture Detoxification Association. Det er et standardiseret recoveryprogram, som blev udviklet i 1974 p\u00e5 Universitetshospitalet Lincoln i New York, USA.<\/p>\n\n\n\n<p>Det prim\u00e6re form\u00e5l med NADA er at styrke egne ressourcer, hj\u00e6lpe os til at fokusere og \u00f8ve os i at blive bedre til at finde indre ro og kontrol. <\/p>\n\n\n\n<p>NADA er empowerment og en m\u00e5de for det enkelte menneske at finde tilbage til sig selv.<\/p>\n\n\n\n<p>NADA bygger p\u00e5 Traditionel Kinesisk Medicin (TCM), hvor akupunkturpunkterne afbalancerer organerne som regulerer krop og psyke. NADA skal dog ikke opfattes som akupunktur i g\u00e6ngs forstand. <\/p>\n\n\n\n<h2 class=\"wp-block-heading\">Hvad kan NADA hj\u00e6lpe med?<\/h2>\n\n\n\n<ul class=\"wp-block-list\">\n<li>S\u00f8vnl\u00f8shed<\/li>\n\n\n\n<li>Uro&nbsp;<\/li>\n\n\n\n<li>Angst<\/li>\n\n\n\n<li>Stress&nbsp;<\/li>\n\n\n\n<li>Depression<\/li>\n\n\n\n<li>Vrede og aggression&nbsp;<\/li>\n\n\n\n<li>Tankemylder<\/li>\n\n\n\n<li>Eksamensangst&nbsp;<\/li>\n\n\n\n<li>Sorg<\/li>\n\n\n\n<li>D\u00e6mpe abstinenser<\/li>\n\n\n\n<li>\u00d8ge koncentrationsevnen<\/li>\n\n\n\n<li>ADHD<\/li>\n\n\n\n<li>OCD<\/li>\n\n\n\n<li>PTSD<\/li>\n<\/ul>\n\n\n\n<p>Metoden anvendes ogs\u00e5 p\u00e5 sygehuse og i den prim\u00e6re sektor, socialpsykiatrien, kriseterapi, v\u00e6resteder, kvindecentre, jobcentre kriminalforsorgen mv.<\/p>\n\n\n\n<h2 class=\"wp-block-heading\">Hvem kan have gavn af NADA?<\/h2>\n\n\n\n<p>NADA er en fleksibel og non-verbal metode som alle kan have gavn af. Du beh\u00f8ver ikke have en speciel grund eller \u00e5rsag til at \u00f8nske NADA, den stiller ingen krav.&nbsp;<\/p>\n\n\n\n<p>I flere tilf\u00e6lde anbefales det at NADA-behandlingen ikke st\u00e5r alene, men som et st\u00e6rkt supplement til anden behandling (se \u00f8vrige ydelser).<\/p>\n\n\n\n<p>NADA metoden er nemlig med til at \u00f8ge effekten af anden behandling og andre terapeutiske metoder, og skal ses som et redskab, der skaber kontakt til vores eget selvberoligende system og hj\u00e6lper os med at indl\u00e6re og \u00f8ve os i stressh\u00e5ndtering, finde indre ro og balance.<\/p>\n\n\n\n<h2 class=\"wp-block-heading\">Hvordan foreg\u00e5r NADA?<\/h2>\n\n\n\n<p>Der s\u00e6ttes i alt 5 n\u00e5le i hvert \u00f8re, i nogle tilf\u00e6lde 1 ekstra n\u00e5l, hvis du lider meget af tankemylder. <\/p>\n\n\n\n<p>Herefter skal du sidde\/ligge i 45 minutter i stille og rolige omgivelser og slappe af for at opn\u00e5 fuld effekt. Du vil blive tilbudt en kop NADA-te, som du kan nyde imens.<\/p>\n\n\n\n<p>Efter de 45 minutter, kommer jeg og tager dine n\u00e5le ud, og du kan forts\u00e6tte din dag.<\/p>\n\n\n\n<h2 class=\"wp-block-heading\">Hvor mange NADA-behandlinger er n\u00f8dvendige?<\/h2>\n\n\n\n<p>Det er individuelt hvor mange behandlinger man har brug for. <\/p>\n\n\n\n<p>1 behandling er oftest ikke nok, den kan dog give en umiddelbar ro. <\/p>\n\n\n\n<p>Nogle skal have 3-5 behandlinger, andre 10-20 behandlinger alt afh\u00e6ngig af m\u00e5let med behandlingen.<\/p>\n\n\n\n<p>NADA er en sikker metode og betragtes som bivirkningsfri, s\u00e5 der ikke noget loft for, hvor mange behandlinger man m\u00e5 modtage.<\/p>\n\n\n\n<h2 class=\"wp-block-heading\">NADA som gruppeaktivitet<\/h2>\n\n\n\n<p>NADA kan gives som en gruppeaktivitet, hvor \u00f8nsket om at fremme positive oplevelser og tr\u00e6ne sociale kompetencer, og hvor det at v\u00e6re stille sammen med andre har en kraftfuld virkning og som kan v\u00e6re medvirkende til at opbygge tillid og tryghed. <\/p>\n\n\n\n<p>Her foreg\u00e5r behandlingen ved, at man sidder i samme rum og modtager behandlingen. Behandlingen vil typisk tage mellem 1-2 timer afh\u00e6ngig af antallet af deltagere.&nbsp;<\/p>\n\n\n\n<h2 class=\"wp-block-heading\">Pris<\/h2>\n\n\n\n<div class=\"wp-block-columns is-layout-flex wp-container-core-columns-is-layout-28f84493 wp-block-columns-is-layout-flex\">\n<div class=\"wp-block-column is-layout-flow wp-block-column-is-layout-flow\">\n<ul class=\"wp-block-list\">\n<li>Individuel NADA-behandling: 45 min. <\/li>\n\n\n\n<li>NADA i grupper: 1-2 time<\/li>\n<\/ul>\n<\/div>\n\n\n\n<div class=\"wp-block-column is-layout-flow wp-block-column-is-layout-flow\">\n<p class=\"has-text-align-right\">Kr. 100<br>Kr. 75<\/p>\n<\/div>\n<\/div>\n\n\n\n<div class=\"wp-block-buttons is-content-justification-center is-layout-flex wp-container-core-buttons-is-layout-a89b3969 wp-block-buttons-is-layout-flex\">\n<div class=\"wp-block-button\"><a class=\"wp-block-button__link has-background wp-element-button\" href=\"https:\/\/krop-og-psykomotorik.planway.com\" style=\"background-color:#e20004\" target=\"_blank\" rel=\"noreferrer noopener\">Book nu<\/a><\/div>\n<\/div>\n\n\n\n<div style=\"height:32px\" aria-hidden=\"true\" class=\"wp-block-spacer\"><\/div>\n\n\n\n<hr class=\"wp-block-separator has-css-opacity\"\/>\n\n\n\n<div style=\"height:53px\" aria-hidden=\"true\" class=\"wp-block-spacer\"><\/div>\n\n\n<div class=\"wp-block-image\">\n<figure class=\"aligncenter size-large is-resized\"><a href=\"https:\/\/nada-danmark.dk\/\" target=\"_blank\" rel=\"noopener\"><img loading=\"lazy\" decoding=\"async\" width=\"256\" height=\"120\" src=\"https:\/\/www.kropogpsykomotorik.dk\/wp-content\/uploads\/2020\/11\/nada_logo-1.png\" alt=\"\" class=\"wp-image-288\" style=\"width:256px;height:120px\"\/><\/a><\/figure>\n<\/div>","protected":false},"excerpt":{"rendered":"<p>NADA er en form for \u00f8reakupunktur og er en forkortelse af National Acupuncture Detoxification Association. Det er et standardiseret recoveryprogram, som blev udviklet i 1974 p\u00e5 Universitetshospitalet Lincoln i New York, USA. Det prim\u00e6re form\u00e5l med NADA er at styrke egne ressourcer, hj\u00e6lpe os til at fokusere og \u00f8ve os i at blive bedre til<a class=\"more-link\" href=\"https:\/\/www.kropogpsykomotorik.dk\/index.php\/nada-akupunktur\/\">Continue reading <span class=\"screen-reader-text\">&#8220;NADA-akupunktur&#8221;<\/span><\/a><\/p>\n","protected":false},"author":1,"featured_media":0,"parent":0,"menu_order":0,"comment_status":"closed","ping_status":"closed","template":"","meta":{"footnotes":""},"class_list":["post-370","page","type-page","status-publish","hentry","entry"],"jetpack_sharing_enabled":true,"_links":{"self":[{"href":"https:\/\/www.kropogpsykomotorik.dk\/index.php\/wp-json\/wp\/v2\/pages\/370","targetHints":{"allow":["GET"]}}],"collection":[{"href":"https:\/\/www.kropogpsykomotorik.dk\/index.php\/wp-json\/wp\/v2\/pages"}],"about":[{"href":"https:\/\/www.kropogpsykomotorik.dk\/index.php\/wp-json\/wp\/v2\/types\/page"}],"author":[{"embeddable":true,"href":"https:\/\/www.kropogpsykomotorik.dk\/index.php\/wp-json\/wp\/v2\/users\/1"}],"replies":[{"embeddable":true,"href":"https:\/\/www.kropogpsykomotorik.dk\/index.php\/wp-json\/wp\/v2\/comments?post=370"}],"version-history":[{"count":14,"href":"https:\/\/www.kropogpsykomotorik.dk\/index.php\/wp-json\/wp\/v2\/pages\/370\/revisions"}],"predecessor-version":[{"id":1766,"href":"https:\/\/www.kropogpsykomotorik.dk\/index.php\/wp-json\/wp\/v2\/pages\/370\/revisions\/1766"}],"wp:attachment":[{"href":"https:\/\/www.kropogpsykomotorik.dk\/index.php\/wp-json\/wp\/v2\/media?parent=370"}],"curies":[{"name":"wp","href":"https:\/\/api.w.org\/{rel}","templated":true}]}}