{"id":35,"date":"2020-06-11T11:50:34","date_gmt":"2020-06-11T09:50:34","guid":{"rendered":"https:\/\/dorisogelisabeth.wordpress.com\/?page_id=8"},"modified":"2023-11-06T20:00:04","modified_gmt":"2023-11-06T20:00:04","slug":"kontakt","status":"publish","type":"page","link":"https:\/\/www.kropogpsykomotorik.dk\/index.php\/kontakt\/","title":{"rendered":"KONTAKT"},"content":{"rendered":"<div class=\"wp-block-jetpack-contact-form\"><a href=\"https:\/\/www.kropogpsykomotorik.dk\/index.php\/kontakt\/\" target=\"_blank\" rel=\"noopener noreferrer\">Submit a form.<\/a><\/div>\n\n\n<div class=\"wp-block-group alignfull has-background-color has-foreground-light-background-color has-text-color has-background\"><div class=\"wp-block-group__inner-container is-layout-flow wp-block-group-is-layout-flow\">\n<div style=\"height:32px\" aria-hidden=\"true\" class=\"wp-block-spacer\"><\/div>\n\n\n\n<div class=\"wp-block-columns alignwide is-layout-flex wp-container-core-columns-is-layout-28f84493 wp-block-columns-is-layout-flex\">\n<div class=\"wp-block-column is-layout-flow wp-block-column-is-layout-flow\">\n<h2 class=\"has-background-color has-text-color wp-block-heading\">Krop og psykomotorik<\/h2>\n\n\n\n<p class=\"has-background-dark-color has-text-color\">Elisabeth Kofoed<\/p>\n<\/div>\n\n\n\n<div class=\"wp-block-column is-layout-flow wp-block-column-is-layout-flow\">\n<p>Har du sp\u00f8rgsm\u00e5l til behandlinger eller andet, er du velkommen til at kontakte mig:<\/p>\n\n\n\n<p>kropogpsykomotorik@gmail.com<\/p>\n\n\n\n<p>+45 20787716<\/p>\n\n\n\n<p>Dyrlundsvej 12 (Baghuset),<br>4600 K\u00f8ge<\/p>\n<\/div>\n\n\n\n<div class=\"wp-block-column is-layout-flow wp-block-column-is-layout-flow\"><dl class=\"jetpack-business-hours wp-block-jetpack-business-hours\"><div class=\"jetpack-business-hours__item\"><dt class=\"Mon\">Mandag<\/dt><dd class=\"Mon\">09:00 &#8211; 20:00<\/dd><\/div><div class=\"jetpack-business-hours__item\"><dt class=\"Tue\">Tirsdag<\/dt><dd class=\"Tue\">09:00 &#8211; 20:00<\/dd><\/div><div class=\"jetpack-business-hours__item\"><dt class=\"Wed\">Onsdag<\/dt><dd class=\"Wed\">09:00 &#8211; 20:00<\/dd><\/div><div class=\"jetpack-business-hours__item\"><dt class=\"Thu\">Torsdag<\/dt><dd class=\"Thu\">09:00 &#8211; 20:00<\/dd><\/div><div class=\"jetpack-business-hours__item\"><dt class=\"Fri\">Fredag<\/dt><dd class=\"Fri\">09:00 &#8211; 20:00<\/dd><\/div><div class=\"jetpack-business-hours__item\"><dt class=\"Sat\">L\u00f8rdag<\/dt><dd class=\"Sat\">09:00 &#8211; 18:00<\/dd><\/div><div class=\"jetpack-business-hours__item\"><dt class=\"Sun\">S\u00f8ndag<\/dt><dd class=\"Sun\">Closed<\/dd><\/div><\/dl>\n\n\n<p><em>Ogs\u00e5 \u00e5bent efter aftale. Kontakt mig, hvis du \u00f8nsker en tid uden for normal \u00e5bningstid.<\/em><\/p>\n<\/div>\n<\/div>\n\n\n\n<div style=\"height:32px\" aria-hidden=\"true\" class=\"wp-block-spacer\"><\/div>\n<\/div><\/div>\n\n\n\n<p class=\"has-text-align-center\"><strong>\u00d8nsker du at booke en tid? Tryk p\u00e5 knappen herunder.<\/strong><\/p>\n\n\n\n<hr class=\"wp-block-separator has-css-opacity is-style-dots\"\/>\n\n\n\n<div class=\"wp-block-buttons is-content-justification-center is-layout-flex wp-container-core-buttons-is-layout-a89b3969 wp-block-buttons-is-layout-flex\">\n<div class=\"wp-block-button\"><a class=\"wp-block-button__link has-background wp-element-button\" href=\"https:\/\/krop-og-psykomotorik.planway.com\" style=\"background-color:#e20004\">Book en tid<\/a><\/div>\n<\/div>\n\n\n\n<hr class=\"wp-block-separator has-css-opacity is-style-wide\"\/>\n","protected":false},"excerpt":{"rendered":"<p>\u00d8nsker du at booke en tid? Tryk p\u00e5 knappen herunder.<\/p>\n","protected":false},"author":1,"featured_media":0,"parent":0,"menu_order":0,"comment_status":"closed","ping_status":"closed","template":"","meta":{"footnotes":""},"class_list":["post-35","page","type-page","status-publish","hentry","entry"],"jetpack_sharing_enabled":false,"_links":{"self":[{"href":"https:\/\/www.kropogpsykomotorik.dk\/index.php\/wp-json\/wp\/v2\/pages\/35","targetHints":{"allow":["GET"]}}],"collection":[{"href":"https:\/\/www.kropogpsykomotorik.dk\/index.php\/wp-json\/wp\/v2\/pages"}],"about":[{"href":"https:\/\/www.kropogpsykomotorik.dk\/index.php\/wp-json\/wp\/v2\/types\/page"}],"author":[{"embeddable":true,"href":"https:\/\/www.kropogpsykomotorik.dk\/index.php\/wp-json\/wp\/v2\/users\/1"}],"replies":[{"embeddable":true,"href":"https:\/\/www.kropogpsykomotorik.dk\/index.php\/wp-json\/wp\/v2\/comments?post=35"}],"version-history":[{"count":9,"href":"https:\/\/www.kropogpsykomotorik.dk\/index.php\/wp-json\/wp\/v2\/pages\/35\/revisions"}],"predecessor-version":[{"id":1765,"href":"https:\/\/www.kropogpsykomotorik.dk\/index.php\/wp-json\/wp\/v2\/pages\/35\/revisions\/1765"}],"wp:attachment":[{"href":"https:\/\/www.kropogpsykomotorik.dk\/index.php\/wp-json\/wp\/v2\/media?parent=35"}],"curies":[{"name":"wp","href":"https:\/\/api.w.org\/{rel}","templated":true}]}}