{"id":33,"date":"2020-06-11T11:50:36","date_gmt":"2020-06-11T11:50:36","guid":{"rendered":"https:\/\/dorisogelisabeth.wordpress.com\/?page_id=6"},"modified":"2023-01-23T10:41:21","modified_gmt":"2023-01-23T10:41:21","slug":"blog-3","status":"publish","type":"page","link":"https:\/\/www.kropogpsykomotorik.dk\/","title":{"rendered":"Velkommen"},"content":{"rendered":"\n<p class=\"has-text-align-center\">Min klinik Krop og Psykomotorik ligger centralt i K\u00f8ge med 2 timers gratis parkering.<br>Seneste nye tiltag i klinikken er AcuBeauty, som er en mere kosmetisk behandling, end jeg ellers tilbyder.<\/p>\n\n\n\n<p class=\"has-text-align-center\">Jeg h\u00e5ber du finder svar p\u00e5 dine sp\u00f8rgsm\u00e5l via min side her. Og ellers er du altid velkommen til at kontakte mig. <\/p>\n\n\n\n<div style=\"height:21px\" aria-hidden=\"true\" class=\"wp-block-spacer\"><\/div>\n\n\n\n<hr class=\"wp-block-separator has-css-opacity is-style-wide\"\/>\n\n\n\n<div class=\"wp-block-columns alignwide are-vertically-aligned-center is-layout-flex wp-container-core-columns-is-layout-28f84493 wp-block-columns-is-layout-flex\">\n<div class=\"wp-block-column is-vertically-aligned-center is-layout-flow wp-block-column-is-layout-flow\">\n<figure class=\"wp-block-image size-full\"><img loading=\"lazy\" decoding=\"async\" width=\"1000\" height=\"800\" src=\"https:\/\/www.kropogpsykomotorik.dk\/wp-content\/uploads\/2023\/01\/Acubeauty.png\" alt=\"\" class=\"wp-image-1275\" srcset=\"https:\/\/www.kropogpsykomotorik.dk\/wp-content\/uploads\/2023\/01\/Acubeauty.png 1000w, https:\/\/www.kropogpsykomotorik.dk\/wp-content\/uploads\/2023\/01\/Acubeauty-300x240.png 300w, https:\/\/www.kropogpsykomotorik.dk\/wp-content\/uploads\/2023\/01\/Acubeauty-768x614.png 768w\" sizes=\"auto, (max-width: 1000px) 100vw, 1000px\" \/><\/figure>\n\n\n\n<p><\/p>\n<\/div>\n\n\n\n<div class=\"wp-block-column is-vertically-aligned-center is-layout-flow wp-block-column-is-layout-flow\">\n<h4 class=\"wp-block-heading\">AcuBeauty &#8211; kosmetisk akupunktur<\/h4>\n\n\n\n<p>\u201dAcuBeauty\u201d er en holistisk metode til at arbejde med naturlig sk\u00f8nhed. Metoden kombinerer kosmetisk akupunktur med en funktionel tilgang til sk\u00f8nhed.<\/p>\n\n\n\n<p>Det er et effektivt alternativ til tidens kemi og ansigtskirurgi som oftest giver et \u201dd\u00f8dt\u201d udtryk.<\/p>\n\n\n\n<div class=\"wp-block-button aligncenter\"><a class=\"wp-block-button__link has-background wp-element-button\" href=\"https:\/\/www.kropogpsykomotorik.dk\/index.php\/about-2\/acubeauty-2\/\" style=\"background-color:#e20004\" target=\"_blank\" rel=\"noreferrer noopener\">L\u00e6s mere<\/a><\/div>\n\n\n\n<p><\/p>\n<\/div>\n<\/div>\n\n\n\n<div class=\"wp-block-columns alignwide are-vertically-aligned-center is-layout-flex wp-container-core-columns-is-layout-28f84493 wp-block-columns-is-layout-flex\">\n<div class=\"wp-block-column is-vertically-aligned-center is-layout-flow wp-block-column-is-layout-flow\">\n<h4 class=\"wp-block-heading\">Akupunktur<\/h4>\n\n\n\n<p>Akupunktur er utrolig effektiv som smertebehandling,\u00a0og den mest komplement\u00e6re behandling i Danmark. Jeg behandler ud fra Moderne Akupunktur, TCM, \u00f8reakupunktur og NADA<\/p>\n\n\n\n<div class=\"wp-block-buttons is-horizontal is-content-justification-center is-layout-flex wp-container-core-buttons-is-layout-03627597 wp-block-buttons-is-layout-flex\">\n<div class=\"wp-block-button\"><a class=\"wp-block-button__link has-background wp-element-button\" href=\"https:\/\/www.kropogpsykomotorik.dk\/index.php\/about-2\/akupunktur\/\" style=\"background-color:#e20004\">L\u00e6s mere<\/a><\/div>\n<\/div>\n\n\n\n<p><\/p>\n<\/div>\n\n\n\n<div class=\"wp-block-column is-vertically-aligned-center is-layout-flow wp-block-column-is-layout-flow\">\n<figure class=\"wp-block-image alignfull size-medium\"><img loading=\"lazy\" decoding=\"async\" width=\"300\" height=\"240\" src=\"https:\/\/www.kropogpsykomotorik.dk\/wp-content\/uploads\/2023\/01\/billede-akupunktur-300x240.png\" alt=\"\" class=\"wp-image-1256\" srcset=\"https:\/\/www.kropogpsykomotorik.dk\/wp-content\/uploads\/2023\/01\/billede-akupunktur-300x240.png 300w, https:\/\/www.kropogpsykomotorik.dk\/wp-content\/uploads\/2023\/01\/billede-akupunktur-768x614.png 768w, https:\/\/www.kropogpsykomotorik.dk\/wp-content\/uploads\/2023\/01\/billede-akupunktur.png 1000w\" sizes=\"auto, (max-width: 300px) 100vw, 300px\" \/><\/figure>\n<\/div>\n<\/div>\n\n\n\n<div class=\"wp-block-columns alignwide are-vertically-aligned-center is-layout-flex wp-container-core-columns-is-layout-28f84493 wp-block-columns-is-layout-flex\">\n<div class=\"wp-block-column is-vertically-aligned-center is-layout-flow wp-block-column-is-layout-flow\">\n<figure class=\"wp-block-image size-large\"><img loading=\"lazy\" decoding=\"async\" width=\"2560\" height=\"1601\" src=\"https:\/\/www.kropogpsykomotorik.dk\/wp-content\/uploads\/2020\/09\/toa-heftiba-a9pFSC8dTlo-unsplash-edited-scaled.jpg\" alt=\"\" class=\"wp-image-190\" srcset=\"https:\/\/www.kropogpsykomotorik.dk\/wp-content\/uploads\/2020\/09\/toa-heftiba-a9pFSC8dTlo-unsplash-edited-scaled.jpg 2560w, https:\/\/www.kropogpsykomotorik.dk\/wp-content\/uploads\/2020\/09\/toa-heftiba-a9pFSC8dTlo-unsplash-edited-300x188.jpg 300w, https:\/\/www.kropogpsykomotorik.dk\/wp-content\/uploads\/2020\/09\/toa-heftiba-a9pFSC8dTlo-unsplash-edited-1024x640.jpg 1024w, https:\/\/www.kropogpsykomotorik.dk\/wp-content\/uploads\/2020\/09\/toa-heftiba-a9pFSC8dTlo-unsplash-edited-768x480.jpg 768w, https:\/\/www.kropogpsykomotorik.dk\/wp-content\/uploads\/2020\/09\/toa-heftiba-a9pFSC8dTlo-unsplash-edited-1536x960.jpg 1536w, https:\/\/www.kropogpsykomotorik.dk\/wp-content\/uploads\/2020\/09\/toa-heftiba-a9pFSC8dTlo-unsplash-edited-2048x1280.jpg 2048w, https:\/\/www.kropogpsykomotorik.dk\/wp-content\/uploads\/2020\/09\/toa-heftiba-a9pFSC8dTlo-unsplash-edited-1568x980.jpg 1568w\" sizes=\"auto, (max-width: 2560px) 100vw, 2560px\" \/><\/figure>\n\n\n\n<p><\/p>\n<\/div>\n\n\n\n<div class=\"wp-block-column is-vertically-aligned-center is-layout-flow wp-block-column-is-layout-flow\">\n<h4 class=\"wp-block-heading\">Fysiurgisk massage<\/h4>\n\n\n\n<p>Massagen rettes mod specifikke skader, smerter eller sp\u00e6ndinger. Eller du kan f\u00e5 en dybdeafsp\u00e6ndende massage. Fokus er p\u00e5, at f\u00e5 dine muskler, sener og led til at fungere optimalt.<\/p>\n\n\n\n<div class=\"wp-block-button aligncenter\"><a class=\"wp-block-button__link has-background wp-element-button\" href=\"https:\/\/www.kropogpsykomotorik.dk\/index.php\/about-2\/massage\/\" style=\"background-color:#e20004\">L\u00e6s mere<\/a><\/div>\n\n\n\n<p><\/p>\n<\/div>\n<\/div>\n\n\n\n<div class=\"wp-block-columns alignwide are-vertically-aligned-center is-layout-flex wp-container-core-columns-is-layout-28f84493 wp-block-columns-is-layout-flex\">\n<div class=\"wp-block-column is-vertically-aligned-center is-layout-flow wp-block-column-is-layout-flow\">\n<h4 class=\"wp-block-heading\">Psykomotorisk behandling<\/h4>\n\n\n\n<p>Behandlingen starter altid med en indledende samtale, som tager udgangspunkt i dig, og hvad du har af problematikker og \u00f8nsker for behandlingen. <\/p>\n\n\n\n<div class=\"wp-block-button aligncenter\"><a class=\"wp-block-button__link has-background wp-element-button\" href=\"https:\/\/www.kropogpsykomotorik.dk\/index.php\/about-2\/psykomotorisk-behandling\/\" style=\"background-color:#e20004\">L\u00e6s mere<\/a><\/div>\n\n\n\n<p><\/p>\n<\/div>\n\n\n\n<div class=\"wp-block-column is-vertically-aligned-center is-layout-flow wp-block-column-is-layout-flow\">\n<figure class=\"wp-block-image size-large\"><img loading=\"lazy\" decoding=\"async\" width=\"1024\" height=\"655\" src=\"https:\/\/www.kropogpsykomotorik.dk\/wp-content\/uploads\/2022\/07\/Design-uden-navn-6-1024x655.png\" alt=\"\" class=\"wp-image-1036\" srcset=\"https:\/\/www.kropogpsykomotorik.dk\/wp-content\/uploads\/2022\/07\/Design-uden-navn-6-1024x655.png 1024w, https:\/\/www.kropogpsykomotorik.dk\/wp-content\/uploads\/2022\/07\/Design-uden-navn-6-300x192.png 300w, https:\/\/www.kropogpsykomotorik.dk\/wp-content\/uploads\/2022\/07\/Design-uden-navn-6-768x492.png 768w, https:\/\/www.kropogpsykomotorik.dk\/wp-content\/uploads\/2022\/07\/Design-uden-navn-6.png 1250w\" sizes=\"auto, (max-width: 1024px) 100vw, 1024px\" \/><\/figure>\n\n\n\n<p><\/p>\n<\/div>\n<\/div>\n\n\n\n<div class=\"wp-block-columns alignwide are-vertically-aligned-center is-layout-flex wp-container-core-columns-is-layout-28f84493 wp-block-columns-is-layout-flex\">\n<div class=\"wp-block-column is-vertically-aligned-center is-layout-flow wp-block-column-is-layout-flow\">\n<figure class=\"wp-block-image size-large\"><img loading=\"lazy\" decoding=\"async\" width=\"900\" height=\"600\" src=\"https:\/\/www.kropogpsykomotorik.dk\/wp-content\/uploads\/2020\/10\/124076_1a.jpg\" alt=\"\" class=\"wp-image-255\" srcset=\"https:\/\/www.kropogpsykomotorik.dk\/wp-content\/uploads\/2020\/10\/124076_1a.jpg 900w, https:\/\/www.kropogpsykomotorik.dk\/wp-content\/uploads\/2020\/10\/124076_1a-300x200.jpg 300w, https:\/\/www.kropogpsykomotorik.dk\/wp-content\/uploads\/2020\/10\/124076_1a-768x512.jpg 768w\" sizes=\"auto, (max-width: 900px) 100vw, 900px\" \/><\/figure>\n\n\n\n<p><\/p>\n<\/div>\n\n\n\n<div class=\"wp-block-column is-vertically-aligned-center is-layout-flow wp-block-column-is-layout-flow\">\n<h4 class=\"wp-block-heading\">El- terapi \/ behandling<\/h4>\n\n\n\n<p>I visse tilf\u00e6lde giver det god mening at supplere behandlingen med enten laser eller ultralyd. Det er en smertefri behandling, som lindrer smerter, neds\u00e6tter inflammatoriske tilstande og \u00f8ger muskelafslapningen og helingstiden.<\/p>\n\n\n\n<div class=\"wp-block-button aligncenter\"><a class=\"wp-block-button__link has-background wp-element-button\" href=\"https:\/\/www.kropogpsykomotorik.dk\/index.php\/about-2\/laser-ultralydsbehandling\/\" style=\"background-color:#e20004\">L\u00e6s mere<\/a><\/div>\n\n\n\n<p><\/p>\n<\/div>\n<\/div>\n\n\n\n<div class=\"wp-block-columns alignwide are-vertically-aligned-center is-layout-flex wp-container-core-columns-is-layout-28f84493 wp-block-columns-is-layout-flex\">\n<div class=\"wp-block-column is-vertically-aligned-center is-layout-flow wp-block-column-is-layout-flow\">\n<h4 class=\"wp-block-heading\">Zoneterapi<\/h4>\n\n\n\n<p>Med zoneterapi kan vi st\u00f8tte immunforsvaret, smertelindre eller rette op p\u00e5 evt. ubalancer du m\u00e5tte opleve.<\/p>\n\n\n\n<div class=\"wp-block-buttons is-horizontal is-content-justification-center is-layout-flex wp-container-core-buttons-is-layout-03627597 wp-block-buttons-is-layout-flex\">\n<div class=\"wp-block-button\"><a class=\"wp-block-button__link has-background wp-element-button\" href=\"https:\/\/www.kropogpsykomotorik.dk\/index.php\/about-2\/zoneterapi\/\" style=\"background-color:#e20004\">L\u00e6s mere<\/a><\/div>\n<\/div>\n\n\n\n<p><\/p>\n<\/div>\n\n\n\n<div class=\"wp-block-column is-vertically-aligned-center is-layout-flow wp-block-column-is-layout-flow\">\n<figure class=\"wp-block-image size-large\"><img loading=\"lazy\" decoding=\"async\" width=\"940\" height=\"588\" src=\"https:\/\/www.kropogpsykomotorik.dk\/wp-content\/uploads\/2020\/09\/zoneterapi-edited.png\" alt=\"Zoneterapi\" class=\"wp-image-191\" srcset=\"https:\/\/www.kropogpsykomotorik.dk\/wp-content\/uploads\/2020\/09\/zoneterapi-edited.png 940w, https:\/\/www.kropogpsykomotorik.dk\/wp-content\/uploads\/2020\/09\/zoneterapi-edited-300x188.png 300w, https:\/\/www.kropogpsykomotorik.dk\/wp-content\/uploads\/2020\/09\/zoneterapi-edited-768x480.png 768w\" sizes=\"auto, (max-width: 940px) 100vw, 940px\" \/><\/figure>\n<\/div>\n<\/div>\n\n\n\n<div class=\"wp-block-columns alignwide are-vertically-aligned-center is-layout-flex wp-container-core-columns-is-layout-28f84493 wp-block-columns-is-layout-flex\">\n<div class=\"wp-block-column is-vertically-aligned-center is-layout-flow wp-block-column-is-layout-flow\">\n<figure class=\"wp-block-image size-large\"><img loading=\"lazy\" decoding=\"async\" width=\"1024\" height=\"655\" src=\"https:\/\/www.kropogpsykomotorik.dk\/wp-content\/uploads\/2022\/07\/4-1024x655.png\" alt=\"\" class=\"wp-image-1038\" srcset=\"https:\/\/www.kropogpsykomotorik.dk\/wp-content\/uploads\/2022\/07\/4-1024x655.png 1024w, https:\/\/www.kropogpsykomotorik.dk\/wp-content\/uploads\/2022\/07\/4-300x192.png 300w, https:\/\/www.kropogpsykomotorik.dk\/wp-content\/uploads\/2022\/07\/4-768x492.png 768w, https:\/\/www.kropogpsykomotorik.dk\/wp-content\/uploads\/2022\/07\/4.png 1250w\" sizes=\"auto, (max-width: 1024px) 100vw, 1024px\" \/><\/figure>\n\n\n\n<p><\/p>\n<\/div>\n\n\n\n<div class=\"wp-block-column is-vertically-aligned-center is-layout-flow wp-block-column-is-layout-flow\">\n<h4 class=\"wp-block-heading\">Holdundervisning<\/h4>\n\n\n\n<p>Der er l\u00f8bende hold-undervisning i afsp\u00e6nding og mindfulness. Om du har lyst til et forl\u00f8b med gentagne m\u00f8degange, eller blot \u00f8nsker at dukke op fra gang til gang, s\u00e5 tag et kig p\u00e5, hvorn\u00e5r n\u00e6ste hold er.<\/p>\n\n\n\n<div class=\"wp-block-button aligncenter\"><a class=\"wp-block-button__link has-background wp-element-button\" href=\"https:\/\/www.kropogpsykomotorik.dk\/index.php\/about-2\/holdundervisning\/\" style=\"background-color:#e20004\">L\u00e6s mere<\/a><\/div>\n\n\n\n<p><\/p>\n<\/div>\n<\/div>\n\n\n\n<div class=\"wp-block-columns alignwide are-vertically-aligned-center is-layout-flex wp-container-core-columns-is-layout-28f84493 wp-block-columns-is-layout-flex\">\n<div class=\"wp-block-column is-vertically-aligned-center is-layout-flow wp-block-column-is-layout-flow\">\n<h4 class=\"wp-block-heading\">NADA<\/h4>\n\n\n\n<p>NADA er \u00f8reakupunktur, som bruges som en supplerende indsats ved stress, recovery, s\u00f8vnproblemer, angst, psykiatriske tilstande, afh\u00e6ngighed og metoden \u00f8ger udbyttet af terapi.<\/p>\n\n\n\n<div class=\"wp-block-buttons is-horizontal is-content-justification-center is-layout-flex wp-container-core-buttons-is-layout-03627597 wp-block-buttons-is-layout-flex\">\n<div class=\"wp-block-button\"><a class=\"wp-block-button__link has-background wp-element-button\" href=\"https:\/\/www.kropogpsykomotorik.dk\/index.php\/about-2\/nada-akupunktur\/\" style=\"background-color:#e20004\">L\u00e6s mere<\/a><\/div>\n<\/div>\n\n\n\n<p><\/p>\n<\/div>\n\n\n\n<div class=\"wp-block-column is-vertically-aligned-center is-layout-flow wp-block-column-is-layout-flow\">\n<figure class=\"wp-block-image alignfull size-large\"><img loading=\"lazy\" decoding=\"async\" width=\"256\" height=\"120\" src=\"https:\/\/www.kropogpsykomotorik.dk\/wp-content\/uploads\/2020\/11\/nada_logo-1.png\" alt=\"\" class=\"wp-image-288\"\/><\/figure>\n<\/div>\n<\/div>\n\n\n\n<div style=\"height:64px\" aria-hidden=\"true\" class=\"wp-block-spacer\"><\/div>\n\n\n\n<div class=\"wp-block-cover alignfull is-light\"><span aria-hidden=\"true\" class=\"wp-block-cover__background has-background-dim-40 has-background-dim\" style=\"background-color:#000000\"><\/span><img loading=\"lazy\" decoding=\"async\" width=\"640\" height=\"427\" class=\"wp-block-cover__image-background wp-image-196\" alt=\"\" src=\"https:\/\/www.kropogpsykomotorik.dk\/wp-content\/uploads\/2020\/09\/jeremy-thomas-FO7bKvgETgQ-unsplash.jpg\" data-object-fit=\"cover\" srcset=\"https:\/\/www.kropogpsykomotorik.dk\/wp-content\/uploads\/2020\/09\/jeremy-thomas-FO7bKvgETgQ-unsplash.jpg 640w, https:\/\/www.kropogpsykomotorik.dk\/wp-content\/uploads\/2020\/09\/jeremy-thomas-FO7bKvgETgQ-unsplash-300x200.jpg 300w\" sizes=\"auto, (max-width: 640px) 100vw, 640px\" \/><div class=\"wp-block-cover__inner-container is-layout-flow wp-block-cover-is-layout-flow\">\n<p class=\"has-text-align-center has-huge-font-size\"><strong>Har du sv\u00e6rt ved at finde svar p\u00e5 dine sp\u00f8rgsm\u00e5l, er du velkommen til at kontakte mig.<\/strong><\/p>\n\n\n\n<div class=\"wp-block-buttons is-horizontal is-content-justification-center is-layout-flex wp-container-core-buttons-is-layout-03627597 wp-block-buttons-is-layout-flex\">\n<div class=\"wp-block-button aligncenter is-style-fill\"><a class=\"wp-block-button__link has-background-color has-secondary-background-color has-text-color has-background wp-element-button\" href=\"https:\/\/www.kropogpsykomotorik.dk\/index.php\/kontakt\/\">Kontakt<\/a><\/div>\n<\/div>\n<\/div><\/div>\n\n\n\n<div style=\"height:64px\" aria-hidden=\"true\" class=\"wp-block-spacer\"><\/div>\n\n\n\n<div class=\"wp-block-columns alignwide are-vertically-aligned-center is-layout-flex wp-container-core-columns-is-layout-28f84493 wp-block-columns-is-layout-flex\">\n<div class=\"wp-block-column is-vertically-aligned-center is-layout-flow wp-block-column-is-layout-flow\">\n<h4 class=\"wp-block-heading\">Hvem er jeg?<\/h4>\n\n\n\n<p>Krop og psykomotorik er en nystartet klinik beliggende centralt i K\u00f8ge. <\/p>\n\n\n\n<p>Min store passion er at hj\u00e6lpe mennesker med at have det godt med sig selv og kroppen. Dette har jeg i mange \u00e5r gjort med forskellige behandlinger som zoneterapi, afsp\u00e6nding, mindfulness og samtale- og familieterapi.<\/p>\n\n\n\n<div class=\"wp-block-button\"><a class=\"wp-block-button__link has-background wp-element-button\" href=\"https:\/\/www.kropogpsykomotorik.dk\/index.php\/om-os\/\" style=\"background-color:#e20004\">Om mig<\/a><\/div>\n<\/div>\n\n\n\n<div class=\"wp-block-column is-vertically-aligned-center is-layout-flow wp-block-column-is-layout-flow\" style=\"flex-basis:33.3%\"><div class=\"wp-block-image\">\n<figure class=\"alignright size-large is-resized\"><img loading=\"lazy\" decoding=\"async\" src=\"https:\/\/www.kropogpsykomotorik.dk\/wp-content\/uploads\/2020\/09\/Elisabeth-577x1024.png\" alt=\"\" class=\"wp-image-194\" width=\"221\" height=\"393\" srcset=\"https:\/\/www.kropogpsykomotorik.dk\/wp-content\/uploads\/2020\/09\/Elisabeth-577x1024.png 577w, https:\/\/www.kropogpsykomotorik.dk\/wp-content\/uploads\/2020\/09\/Elisabeth-169x300.png 169w, https:\/\/www.kropogpsykomotorik.dk\/wp-content\/uploads\/2020\/09\/Elisabeth.png 640w\" sizes=\"auto, (max-width: 221px) 100vw, 221px\" \/><\/figure>\n<\/div>\n\n\n<p><\/p>\n<\/div>\n<\/div>\n\n\n\n<div style=\"height:64px\" aria-hidden=\"true\" class=\"wp-block-spacer\"><\/div>\n\n\n\n<div class=\"wp-block-group alignfull has-background-color has-foreground-light-background-color has-text-color has-background\"><div class=\"wp-block-group__inner-container is-layout-flow wp-block-group-is-layout-flow\">\n<div style=\"height:32px\" aria-hidden=\"true\" class=\"wp-block-spacer\"><\/div>\n\n\n\n<div class=\"wp-block-columns alignwide is-layout-flex wp-container-core-columns-is-layout-28f84493 wp-block-columns-is-layout-flex\">\n<div class=\"wp-block-column is-layout-flow wp-block-column-is-layout-flow\">\n<h2 class=\"has-background-color has-text-color wp-block-heading\">Krop og psykomotorik<\/h2>\n\n\n\n<p class=\"has-background-dark-color has-text-color\">Elisabeth Kofoed<\/p>\n<\/div>\n\n\n\n<div class=\"wp-block-column is-layout-flow wp-block-column-is-layout-flow\">\n<p>Har du sp\u00f8rgsm\u00e5l til undervisningen, behandlinger eller andet, er du velkommen til at kontakte mig:<\/p>\n\n\n\n<p class=\"has-secondary-color has-text-color\">kropogpsykomotorik@gmail.com<\/p>\n\n\n\n<p>+45 20787716<\/p>\n\n\n\n<p>Dyrlundsvej 12 (Baghuset),<br>4600 K\u00f8ge<\/p>\n<\/div>\n\n\n\n<div class=\"wp-block-column is-layout-flow wp-block-column-is-layout-flow\"><dl class=\"jetpack-business-hours wp-block-jetpack-business-hours\"><div class=\"jetpack-business-hours__item\"><dt class=\"Mon\">Mandag<\/dt><dd class=\"Mon\">09:00 &#8211; 20:00<\/dd><\/div><div class=\"jetpack-business-hours__item\"><dt class=\"Tue\">Tirsdag<\/dt><dd class=\"Tue\">09:00 &#8211; 20:00<\/dd><\/div><div class=\"jetpack-business-hours__item\"><dt class=\"Wed\">Onsdag<\/dt><dd class=\"Wed\">09:00 &#8211; 20:00<\/dd><\/div><div class=\"jetpack-business-hours__item\"><dt class=\"Thu\">Torsdag<\/dt><dd class=\"Thu\">09:00 &#8211; 20:00<\/dd><\/div><div class=\"jetpack-business-hours__item\"><dt class=\"Fri\">Fredag<\/dt><dd class=\"Fri\">09:30 &#8211; 20:00<\/dd><\/div><div class=\"jetpack-business-hours__item\"><dt class=\"Sat\">L\u00f8rdag<\/dt><dd class=\"Sat\">10:00 &#8211; 18:00<\/dd><\/div><div class=\"jetpack-business-hours__item\"><dt class=\"Sun\">S\u00f8ndag<\/dt><dd class=\"Sun\">Closed<\/dd><\/div><\/dl>\n\n\n<p><em>Ogs\u00e5 \u00e5bent efter aftale. Kontakt mig, hvis du \u00f8nsker en tid uden for normal \u00e5bningstid.<\/em><\/p>\n<\/div>\n<\/div>\n\n\n\n<div class=\"wp-block-columns is-layout-flex wp-container-core-columns-is-layout-28f84493 wp-block-columns-is-layout-flex\">\n<div class=\"wp-block-column is-vertically-aligned-center is-layout-flow wp-block-column-is-layout-flow\" style=\"flex-basis:100%\">\n<figure class=\"wp-block-image size-large is-resized\"><a href=\"https:\/\/www.google.com\/maps\/place\/Dyrlundsvej,+4600+K\u00f8ge\/@55.4627308,12.1753476,16z\/data=!4m5!3m4!1s0x4652f1000b2a9c95:0x1be04e74738dbf2!8m2!3d55.4627552!4d12.1830938\"><img loading=\"lazy\" decoding=\"async\" src=\"https:\/\/www.kropogpsykomotorik.dk\/wp-content\/uploads\/2022\/07\/Design-uden-navn-5-e1657914705642-1024x504.png\" alt=\"\" class=\"wp-image-1030\" width=\"778\" height=\"382\" srcset=\"https:\/\/www.kropogpsykomotorik.dk\/wp-content\/uploads\/2022\/07\/Design-uden-navn-5-e1657914705642-1024x504.png 1024w, https:\/\/www.kropogpsykomotorik.dk\/wp-content\/uploads\/2022\/07\/Design-uden-navn-5-e1657914705642-300x148.png 300w, https:\/\/www.kropogpsykomotorik.dk\/wp-content\/uploads\/2022\/07\/Design-uden-navn-5-e1657914705642-768x378.png 768w, https:\/\/www.kropogpsykomotorik.dk\/wp-content\/uploads\/2022\/07\/Design-uden-navn-5-e1657914705642.png 1250w\" sizes=\"auto, (max-width: 778px) 100vw, 778px\" \/><\/a><\/figure>\n<\/div>\n<\/div>\n<\/div><\/div>\n","protected":false},"excerpt":{"rendered":"<p>Min klinik Krop og Psykomotorik ligger centralt i K\u00f8ge med 2 timers gratis parkering.Seneste nye tiltag i klinikken er AcuBeauty, som er en mere kosmetisk behandling, end jeg ellers tilbyder. Jeg h\u00e5ber du finder svar p\u00e5 dine sp\u00f8rgsm\u00e5l via min side her. Og ellers er du altid velkommen til at kontakte mig. AcuBeauty &#8211; kosmetisk<a class=\"more-link\" href=\"https:\/\/www.kropogpsykomotorik.dk\/\">Continue reading <span class=\"screen-reader-text\">&#8220;Velkommen&#8221;<\/span><\/a><\/p>\n","protected":false},"author":1,"featured_media":0,"parent":0,"menu_order":1,"comment_status":"closed","ping_status":"closed","template":"","meta":{"footnotes":""},"class_list":["post-33","page","type-page","status-publish","hentry","entry"],"jetpack_sharing_enabled":false,"_links":{"self":[{"href":"https:\/\/www.kropogpsykomotorik.dk\/index.php\/wp-json\/wp\/v2\/pages\/33","targetHints":{"allow":["GET"]}}],"collection":[{"href":"https:\/\/www.kropogpsykomotorik.dk\/index.php\/wp-json\/wp\/v2\/pages"}],"about":[{"href":"https:\/\/www.kropogpsykomotorik.dk\/index.php\/wp-json\/wp\/v2\/types\/page"}],"author":[{"embeddable":true,"href":"https:\/\/www.kropogpsykomotorik.dk\/index.php\/wp-json\/wp\/v2\/users\/1"}],"replies":[{"embeddable":true,"href":"https:\/\/www.kropogpsykomotorik.dk\/index.php\/wp-json\/wp\/v2\/comments?post=33"}],"version-history":[{"count":51,"href":"https:\/\/www.kropogpsykomotorik.dk\/index.php\/wp-json\/wp\/v2\/pages\/33\/revisions"}],"predecessor-version":[{"id":1328,"href":"https:\/\/www.kropogpsykomotorik.dk\/index.php\/wp-json\/wp\/v2\/pages\/33\/revisions\/1328"}],"wp:attachment":[{"href":"https:\/\/www.kropogpsykomotorik.dk\/index.php\/wp-json\/wp\/v2\/media?parent=33"}],"curies":[{"name":"wp","href":"https:\/\/api.w.org\/{rel}","templated":true}]}}