{"id":250,"date":"2020-11-03T13:28:50","date_gmt":"2020-11-03T13:28:50","guid":{"rendered":"https:\/\/www.kropogpsykomotorik.dk\/?page_id=250"},"modified":"2023-11-06T20:01:09","modified_gmt":"2023-11-06T20:01:09","slug":"priser","status":"publish","type":"page","link":"https:\/\/www.kropogpsykomotorik.dk\/index.php\/priser\/","title":{"rendered":"PRISER"},"content":{"rendered":"\n<p>Her finder du en oversigt over de forskellige behandlingers priser.<\/p>\n\n\n\n<h2 class=\"wp-block-heading\">Zoneterapi<\/h2>\n\n\n\n<div class=\"wp-block-columns is-layout-flex wp-container-core-columns-is-layout-28f84493 wp-block-columns-is-layout-flex\">\n<div class=\"wp-block-column is-layout-flow wp-block-column-is-layout-flow\" style=\"flex-basis:66.66%\">\n<ul class=\"wp-block-list\">\n<li>F\u00f8rste behandling inkl. samtale:<\/li>\n\n\n\n<li>Efterf\u00f8lgende behandlinger:<\/li>\n\n\n\n<li>B\u00f8rn under 12 \u00e5r: 20-60 min. afh\u00e6ngigt af alder og evne til at ligge stille.<\/li>\n<\/ul>\n<\/div>\n\n\n\n<div class=\"wp-block-column is-layout-flow wp-block-column-is-layout-flow\" style=\"flex-basis:33.33%\">\n<p class=\"has-text-align-right\">90 min. Kr. 485<br>60 min. Kr. 455<br>20-60 min. Kr. 347<\/p>\n<\/div>\n<\/div>\n\n\n\n<h2 class=\"wp-block-heading\">Akupunktur<\/h2>\n\n\n\n<div class=\"wp-block-columns is-layout-flex wp-container-core-columns-is-layout-28f84493 wp-block-columns-is-layout-flex\">\n<div class=\"wp-block-column is-layout-flow wp-block-column-is-layout-flow\" style=\"flex-basis:66.66%\">\n<ul class=\"wp-block-list\">\n<li>F\u00f8rste behandling inkl. samtale:<\/li>\n\n\n\n<li>5 gange:<\/li>\n<\/ul>\n<\/div>\n\n\n\n<div class=\"wp-block-column is-layout-flow wp-block-column-is-layout-flow\" style=\"flex-basis:33.33%\">\n<p class=\"has-text-align-right\">45 min. Kr. 450<br> Kr. 1.800<\/p>\n<\/div>\n<\/div>\n\n\n\n<h2 class=\"wp-block-heading\">AcuBeauty<\/h2>\n\n\n\n<div class=\"wp-block-columns is-layout-flex wp-container-core-columns-is-layout-28f84493 wp-block-columns-is-layout-flex\">\n<div class=\"wp-block-column is-layout-flow wp-block-column-is-layout-flow\" style=\"flex-basis:66.66%\">\n<ul class=\"wp-block-list\">\n<li>Fuld behandling inkl. samtale:<\/li>\n\n\n\n<li>Efterf\u00f8lgende behandling <\/li>\n\n\n\n<li>Klippekort 3 behandlinger<\/li>\n\n\n\n<li>Klippekort 5 behandlinger<\/li>\n\n\n\n<li>Klippekort 10 behandlinger<\/li>\n\n\n\n<li>Ar-behandling<\/li>\n\n\n\n<li>Klippekort til Ar-behandling 5 gange<\/li>\n<\/ul>\n<\/div>\n\n\n\n<div class=\"wp-block-column is-layout-flow wp-block-column-is-layout-flow\" style=\"flex-basis:33.33%\">\n<p class=\"has-text-align-right\">80 min. Kr. 900<br>60 min. Kr. 800<br>Kr. 2.250<br>Kr. 3.500<br>Kr. 6.500<br>Kr. 500<br>Kr. 2.200<\/p>\n<\/div>\n<\/div>\n\n\n\n<h2 class=\"wp-block-heading\">Massage<\/h2>\n\n\n\n<div class=\"wp-block-columns is-layout-flex wp-container-core-columns-is-layout-28f84493 wp-block-columns-is-layout-flex\">\n<div class=\"wp-block-column is-layout-flow wp-block-column-is-layout-flow\" style=\"flex-basis:66.66%\">\n<ul class=\"wp-block-list\">\n<li>Fysiurgisk massage\/wellnessmassage<\/li>\n<\/ul>\n\n\n\n<p> <\/p>\n<\/div>\n\n\n\n<div class=\"wp-block-column is-layout-flow wp-block-column-is-layout-flow\" style=\"flex-basis:33.33%\">\n<p class=\"has-text-align-right\">35 min. 359 kr.<br>60 min. 485 kr.<\/p>\n<\/div>\n<\/div>\n\n\n\n<h2 class=\"wp-block-heading\">Psykomotorisk behandling<\/h2>\n\n\n\n<div class=\"wp-block-columns is-layout-flex wp-container-core-columns-is-layout-28f84493 wp-block-columns-is-layout-flex\">\n<div class=\"wp-block-column is-layout-flow wp-block-column-is-layout-flow\" style=\"flex-basis:66.66%\">\n<ul class=\"wp-block-list\">\n<li>F\u00f8rste behandling:<\/li>\n\n\n\n<li>Efterf\u00f8lgende behandlinger:<\/li>\n<\/ul>\n<\/div>\n\n\n\n<div class=\"wp-block-column is-layout-flow wp-block-column-is-layout-flow\" style=\"flex-basis:33.33%\">\n<p class=\"has-text-align-right\">90 min. 950 kr.<br>60 min. 647 kr.<\/p>\n<\/div>\n<\/div>\n\n\n\n<h2 class=\"wp-block-heading\">Holdundervisning<\/h2>\n\n\n\n<div class=\"wp-block-columns is-layout-flex wp-container-core-columns-is-layout-28f84493 wp-block-columns-is-layout-flex\">\n<div class=\"wp-block-column is-layout-flow wp-block-column-is-layout-flow\" style=\"flex-basis:66.66%\">\n<ul class=\"wp-block-list\">\n<li>10 m\u00f8degange, 90 minutter pr. gang.<\/li>\n<\/ul>\n<\/div>\n\n\n\n<div class=\"wp-block-column is-layout-flow wp-block-column-is-layout-flow\" style=\"flex-basis:33.33%\">\n<p class=\"has-text-align-right\">10 x 90 min. 980 kr.<\/p>\n<\/div>\n<\/div>\n\n\n\n<h2 class=\"wp-block-heading\">NADA-akupunktur<\/h2>\n\n\n\n<div class=\"wp-block-columns is-layout-flex wp-container-core-columns-is-layout-28f84493 wp-block-columns-is-layout-flex\">\n<div class=\"wp-block-column is-layout-flow wp-block-column-is-layout-flow\" style=\"flex-basis:66.66%\">\n<ul class=\"wp-block-list\">\n<li>NADA-akupunktur inkl. NADA-te:<\/li>\n<\/ul>\n<\/div>\n\n\n\n<div class=\"wp-block-column is-layout-flow wp-block-column-is-layout-flow\" style=\"flex-basis:33.33%\">\n<p class=\"has-text-align-right\">45 min. 150 kr.<\/p>\n<\/div>\n<\/div>\n\n\n\n<h2 class=\"wp-block-heading\">Till\u00e6g til behandlinger<\/h2>\n\n\n\n<div class=\"wp-block-columns is-layout-flex wp-container-core-columns-is-layout-28f84493 wp-block-columns-is-layout-flex\">\n<div class=\"wp-block-column is-layout-flow wp-block-column-is-layout-flow\" style=\"flex-basis:66.66%\">\n<ul class=\"wp-block-list\">\n<li>NADA-akupunktur inkl. NADA-te:<\/li>\n\n\n\n<li>Laser-\/ultralydsbehandling:\n<ul class=\"wp-block-list\">\n<li><\/li>\n<\/ul>\n<\/li>\n<\/ul>\n<\/div>\n\n\n\n<div class=\"wp-block-column is-layout-flow wp-block-column-is-layout-flow\" style=\"flex-basis:33.33%\">\n<p class=\"has-text-align-right\">45-60 min. 150 kr.<br>10-30 min. 100 kr.<\/p>\n<\/div>\n<\/div>\n\n\n\n<hr class=\"wp-block-separator has-css-opacity is-style-dots\"\/>\n\n\n\n<div class=\"wp-block-buttons is-content-justification-center is-layout-flex wp-container-core-buttons-is-layout-a89b3969 wp-block-buttons-is-layout-flex\">\n<div class=\"wp-block-button\"><a class=\"wp-block-button__link has-background wp-element-button\" href=\"https:\/\/krop-og-psykomotorik.planway.com\" style=\"background-color:#e20004\">Book tid<\/a><\/div>\n<\/div>\n\n\n\n<p><\/p>\n","protected":false},"excerpt":{"rendered":"<p>Her finder du en oversigt over de forskellige behandlingers priser. Zoneterapi 90 min. Kr. 48560 min. Kr. 45520-60 min. Kr. 347 Akupunktur 45 min. Kr. 450 Kr. 1.800 AcuBeauty 80 min. Kr. 90060 min. Kr. 800Kr. 2.250Kr. 3.500Kr. 6.500Kr. 500Kr. 2.200 Massage 35 min. 359 kr.60 min. 485 kr. Psykomotorisk behandling 90 min. 950 kr.60<a class=\"more-link\" href=\"https:\/\/www.kropogpsykomotorik.dk\/index.php\/priser\/\">Continue reading <span class=\"screen-reader-text\">&#8220;PRISER&#8221;<\/span><\/a><\/p>\n","protected":false},"author":1,"featured_media":0,"parent":0,"menu_order":0,"comment_status":"closed","ping_status":"closed","template":"","meta":{"footnotes":""},"class_list":["post-250","page","type-page","status-publish","hentry","entry"],"jetpack_sharing_enabled":true,"_links":{"self":[{"href":"https:\/\/www.kropogpsykomotorik.dk\/index.php\/wp-json\/wp\/v2\/pages\/250","targetHints":{"allow":["GET"]}}],"collection":[{"href":"https:\/\/www.kropogpsykomotorik.dk\/index.php\/wp-json\/wp\/v2\/pages"}],"about":[{"href":"https:\/\/www.kropogpsykomotorik.dk\/index.php\/wp-json\/wp\/v2\/types\/page"}],"author":[{"embeddable":true,"href":"https:\/\/www.kropogpsykomotorik.dk\/index.php\/wp-json\/wp\/v2\/users\/1"}],"replies":[{"embeddable":true,"href":"https:\/\/www.kropogpsykomotorik.dk\/index.php\/wp-json\/wp\/v2\/comments?post=250"}],"version-history":[{"count":15,"href":"https:\/\/www.kropogpsykomotorik.dk\/index.php\/wp-json\/wp\/v2\/pages\/250\/revisions"}],"predecessor-version":[{"id":1767,"href":"https:\/\/www.kropogpsykomotorik.dk\/index.php\/wp-json\/wp\/v2\/pages\/250\/revisions\/1767"}],"wp:attachment":[{"href":"https:\/\/www.kropogpsykomotorik.dk\/index.php\/wp-json\/wp\/v2\/media?parent=250"}],"curies":[{"name":"wp","href":"https:\/\/api.w.org\/{rel}","templated":true}]}}