{"id":1272,"date":"2023-01-14T10:36:18","date_gmt":"2023-01-14T10:36:18","guid":{"rendered":"https:\/\/www.kropogpsykomotorik.dk\/?page_id=1272"},"modified":"2023-11-06T20:02:24","modified_gmt":"2023-11-06T20:02:24","slug":"acubeauty-2","status":"publish","type":"page","link":"https:\/\/www.kropogpsykomotorik.dk\/index.php\/about-2\/acubeauty-2\/","title":{"rendered":"AcuBeauty"},"content":{"rendered":"\n<div class=\"wp-block-cover is-light\"><span aria-hidden=\"true\" class=\"wp-block-cover__background has-background-dim\"><\/span><img loading=\"lazy\" decoding=\"async\" width=\"1000\" height=\"800\" class=\"wp-block-cover__image-background wp-image-1275\" alt=\"\" src=\"https:\/\/www.kropogpsykomotorik.dk\/wp-content\/uploads\/2023\/01\/Acubeauty.png\" data-object-fit=\"cover\" srcset=\"https:\/\/www.kropogpsykomotorik.dk\/wp-content\/uploads\/2023\/01\/Acubeauty.png 1000w, https:\/\/www.kropogpsykomotorik.dk\/wp-content\/uploads\/2023\/01\/Acubeauty-300x240.png 300w, https:\/\/www.kropogpsykomotorik.dk\/wp-content\/uploads\/2023\/01\/Acubeauty-768x614.png 768w\" sizes=\"auto, (max-width: 1000px) 100vw, 1000px\" \/><div class=\"wp-block-cover__inner-container is-layout-flow wp-block-cover-is-layout-flow\">\n<h2 class=\"wp-block-heading has-text-align-center has-background-color has-text-color\">Unik holistisk sk\u00f8nhedsbehandling<br>&#8211; uden kirurgi<\/h2>\n\n\n\n<div class=\"wp-block-buttons is-content-justification-center is-layout-flex wp-container-core-buttons-is-layout-a89b3969 wp-block-buttons-is-layout-flex\">\n<div class=\"wp-block-button\"><a class=\"wp-block-button__link has-secondary-background-color has-background wp-element-button\" href=\"https:\/\/krop-og-psykomotorik.planway.com\" target=\"_blank\" rel=\"noreferrer noopener\">Book nu<\/a><\/div>\n<\/div>\n<\/div><\/div>\n\n\n\n<h2 class=\"wp-block-heading\">AcuBeauty &#8211; behandling<\/h2>\n\n\n\n<p>\u201dAcuBeauty\u201d er en holistisk metode til at arbejde med naturlig sk\u00f8nhed. Metoden kombinerer kosmetisk akupunktur med en funktionel tilgang til sk\u00f8nhed.<\/p>\n\n\n\n<p>Det er et effektivt alternativ til tidens kemi og ansigtskirurgi som oftest giver et \u201dd\u00f8dt\u201d udtryk.<\/p>\n\n\n\n<h2 class=\"wp-block-heading\">Din naturlige vej<\/h2>\n\n\n\n<p>Kost, livsstil, milj\u00f8 og ydre p\u00e5virkninger har en effekt p\u00e5 hvordan din krop har det, og vil derfor ogs\u00e5 afspejle sig i dit ydre.<\/p>\n\n\n\n<p>I behandlingerne er omdrejningspunktet derfor ogs\u00e5, om noget af dette kan influere p\u00e5 dine kosmetiske udfordringer og hvordan det kan afhj\u00e6lpes. <strong><em>Jo bedre kroppen har det, jo bedre har huden det ogs\u00e5.<\/em><\/strong><\/p>\n\n\n\n<p>I en AcuBeauty-behandling bruger jeg kroppens egne ressourcer for at skabe balance mellem indre velv\u00e6re og ydre naturlig sk\u00f8nhed.<\/p>\n\n\n\n<h2 class=\"wp-block-heading\"><strong>Hvordan og hvorfor virker AcuBeauty-behandling \/ kosmetisk akupunktur?<\/strong><\/h2>\n\n\n\n<p>For at f\u00e5 det bedste ud af behandlingen is\u00e6ttes tynde sterile engangsn\u00e5le i punkter fra den klassiske akupunktur forskellige steder p\u00e5 kroppen. Herved \u00f8ges gennemstr\u00f8mningen af energi og blod i hud og krop, som gavner dit kosmetiske resultat. Udover at arbejde i dybden, opn\u00e5r huden en smuk naturlig udstr\u00e5ling. Og samtidig er det en fantastisk metode til at reducere stress.<\/p>\n\n\n\n<h2 class=\"wp-block-heading\"><strong>Fordelene ved AcuBeauty-behandling<\/strong><\/h2>\n\n\n\n<ul class=\"wp-block-list\">\n<li>\u00d8ger dannelsen af kollagen og elastin<\/li>\n\n\n\n<li>Skaber en naturlig, sund og levende hud &#8211; ansigtskul\u00f8ren fremmes<\/li>\n\n\n\n<li>Forbedrer muskeltonus og opstrammer huden<\/li>\n\n\n\n<li>Giver ansigtet gl\u00f8d og \u00f8jnene klarhed<\/li>\n\n\n\n<li>Mindsker arv\u00e6v, rynker og furer<\/li>\n\n\n\n<li>Forbedrer indsunkne omr\u00e5der<\/li>\n\n\n\n<li>L\u00f8fter \u00f8jenomgivelserne, letter h\u00e6velser og poser under \u00f8jnene<\/li>\n\n\n\n<li>Afhj\u00e6lper k\u00e6besp\u00e6ndinger og hovedpine<\/li>\n\n\n\n<li>Modvirker et \u201dnedadg\u00e5ende\u201d ansigt<\/li>\n<\/ul>\n\n\n\n<h2 class=\"wp-block-heading\"><strong>I behandlingerne bruger jeg forskellige teknikker<\/strong><\/h2>\n\n\n\n<p>Udover at arbejde med punkter i kroppen fra den klassiske akupunktur (for bl.a. hum\u00f8r og energi), arbejdes der ogs\u00e5 direkte i ansigtets centrale motor-punkter. Stimulering af de motoriske nerver i ansigtet er med til at balancere st\u00f8rre omr\u00e5der. Arbejdet med punkterne i f\u00e6llesskab kan v\u00e6kke undersp\u00e6ndte muskler til live og give dem fornyet styrke, hvilket former og l\u00f8fter.<\/p>\n\n\n\n<p>Er muskulaturen omvendt sp\u00e6ndt og fastl\u00e5st, f.eks. oversp\u00e6ndt k\u00e6bemuskulatur, dybe furer mellem brynene etc. kan akupunkturen hj\u00e6lpe til at afslappe muskulaturen, for et blidere og bl\u00f8dere udtryk.<\/p>\n\n\n\n<p>I AcuBeauty-behandlingen arbejder jeg ogs\u00e5 direkte i huden og i linjerne med sm\u00e5 n\u00e5le for at l\u00f8fte nedbundne rynker og booste kollagenproduktionen, s\u00e5ledes at linjer mindskes og fyldes ud. P\u00e5 samme m\u00e5de kan arv\u00e6v l\u00f8snes og mindskes.<\/p>\n\n\n\n<p>Hvilken teknik der skal benyttes, kommer helt an p\u00e5 hvad vi skal arbejde p\u00e5 med lige netop dit ansigt. Vi er alle forskellige, har forskellige forventninger og derfor vil der ikke v\u00e6re nogen behandlinger der er ens.<\/p>\n\n\n\n<p>Der kan opn\u00e5s en hel del med en AcuBeauty-behandling, men det er ikke en operation, og behandlingen kan derfor kun s\u00e5 meget, som de naturlige processer i kroppen tillader. Derfor har ogs\u00e5 kost, livsstil, genetik og andre p\u00e5virkninger stor betydning.<\/p>\n\n\n\n<p>AcuBeauty-behandlingen er en behagelig og smertefri behandling. Nogle n\u00e5le vil du kunne m\u00e6rke som et lille prik og andre slet ikke. Der bruges engangsn\u00e5le af meget h\u00f8j kvalitet, og som er individuelt pakket. De er silikonebelagt med et indf\u00f8ringshylster for smertefri n\u00e5leindstik.<\/p>\n\n\n\n<h2 class=\"wp-block-heading\"><strong>Hvem kan behandles?<\/strong><\/h2>\n\n\n\n<p>En AcuBeauty-behandling er b\u00e5de m\u00e5lrettet unge som \u00e6ldre. Det er aldrig for sent at f\u00e5 behandlinger. Man vil altid, uanset alder, kunne se en \u00e6ndring i ansigtet. En AcuBeauty-behandling forebygger linjer og holder ansigtet \u201dlevende\u201d \u2013 derfor er det en god ide at starte tidligt med at f\u00e5 behandlinger.<\/p>\n\n\n\n<h2 class=\"wp-block-heading\"><strong>Hvorn\u00e5r skal der helst ikke behandles?<\/strong><\/h2>\n\n\n\n<p>Jeg anbefaler at vente med en AcuBeauty-behandling hvis du indenfor de seneste 3 m\u00e5neder har f\u00e5et Botox, Restylane eller lignende i de omr\u00e5der du vil have behandlet.<\/p>\n\n\n\n<h2 class=\"wp-block-heading\"><strong>Hvor mange behandlinger?<\/strong><\/h2>\n\n\n\n<p>Det er individuelt hvor meget du f\u00e5r ud af behandlingerne.<\/p>\n\n\n\n<p>Afh\u00e6ngig af hvad der skal arbejdes p\u00e5, vil de fleste opleve en afsp\u00e6ndthed og bedre ansigtskul\u00f8r efter bare en behandling. Andre skal have et behandlingsforl\u00f8b f\u00f8r effekten viser sig, og der ses en forbedring i hele ansigtet.<\/p>\n\n\n\n<p>Behandlingerne er langsigtede og stimulerer til cellefornyelse og liv, og for at opn\u00e5 l\u00e6ngerevarende resultater anbefales et forl\u00f8b af enten 3, 5 eller 10 gange. De f\u00f8rste par uger gerne 2 gange pr. uge. Senere med 1 uges interval. Herefter kan behandlingerne holdes ved lige ca. 1 gang m\u00e5nedligt eller hver 6. uge.<\/p>\n\n\n\n<h2 class=\"wp-block-heading\"><strong>Priser:<\/strong><\/h2>\n\n\n\n<div class=\"wp-block-columns is-layout-flex wp-container-core-columns-is-layout-28f84493 wp-block-columns-is-layout-flex\">\n<div class=\"wp-block-column is-layout-flow wp-block-column-is-layout-flow\" style=\"flex-basis:66.66%\">\n<ul class=\"wp-block-list\">\n<li> Fuld behandling 80 minutter pr. behandling&nbsp; <\/li>\n\n\n\n<li>Efterf\u00f8lgende 60 minutter pr. behandling<\/li>\n\n\n\n<li>Klippekort 3 behandlinger 60 minutter pr. behandling&nbsp;&nbsp;&nbsp;&nbsp;&nbsp;<\/li>\n\n\n\n<li>Klippekort 5 behandlinger 60 minutter pr. behandling<\/li>\n\n\n\n<li>Klippekort 10 behandlinger 60 minutter pr. behandling&nbsp;&nbsp;<\/li>\n\n\n\n<li>AcuBeauty ar-behandling 40 minutter pr. behandling&nbsp;&nbsp;&nbsp;<\/li>\n\n\n\n<li>Klippekort AR behandling 5 behandlinger&nbsp;&nbsp;&nbsp;<\/li>\n<\/ul>\n<\/div>\n\n\n\n<div class=\"wp-block-column is-layout-flow wp-block-column-is-layout-flow\" style=\"flex-basis:33.33%\">\n<p class=\"has-text-align-right\">Kr. 900   <br>Kr. 800   <br>Kr. 2.250<br><br>Kr. 3.500<br><br>Kr. 6.500<br><br>Kr. 500   <br><br>Kr. 2.200<\/p>\n<\/div>\n<\/div>\n\n\n\n<div class=\"wp-block-buttons is-content-justification-center is-layout-flex wp-container-core-buttons-is-layout-a89b3969 wp-block-buttons-is-layout-flex\">\n<div class=\"wp-block-button\"><a class=\"wp-block-button__link has-background wp-element-button\" href=\"https:\/\/krop-og-psykomotorik.planway.com\" style=\"background-color:#e10004\" target=\"_blank\" rel=\"noreferrer noopener\">Book nu<\/a><\/div>\n<\/div>\n","protected":false},"excerpt":{"rendered":"<p>AcuBeauty &#8211; behandling \u201dAcuBeauty\u201d er en holistisk metode til at arbejde med naturlig sk\u00f8nhed. Metoden kombinerer kosmetisk akupunktur med en funktionel tilgang til sk\u00f8nhed. Det er et effektivt alternativ til tidens kemi og ansigtskirurgi som oftest giver et \u201dd\u00f8dt\u201d udtryk. Din naturlige vej Kost, livsstil, milj\u00f8 og ydre p\u00e5virkninger har en effekt p\u00e5 hvordan din<a class=\"more-link\" href=\"https:\/\/www.kropogpsykomotorik.dk\/index.php\/about-2\/acubeauty-2\/\">Continue reading <span class=\"screen-reader-text\">&#8220;AcuBeauty&#8221;<\/span><\/a><\/p>\n","protected":false},"author":1,"featured_media":0,"parent":36,"menu_order":0,"comment_status":"closed","ping_status":"closed","template":"","meta":{"footnotes":""},"class_list":["post-1272","page","type-page","status-publish","hentry","entry"],"jetpack_sharing_enabled":true,"_links":{"self":[{"href":"https:\/\/www.kropogpsykomotorik.dk\/index.php\/wp-json\/wp\/v2\/pages\/1272","targetHints":{"allow":["GET"]}}],"collection":[{"href":"https:\/\/www.kropogpsykomotorik.dk\/index.php\/wp-json\/wp\/v2\/pages"}],"about":[{"href":"https:\/\/www.kropogpsykomotorik.dk\/index.php\/wp-json\/wp\/v2\/types\/page"}],"author":[{"embeddable":true,"href":"https:\/\/www.kropogpsykomotorik.dk\/index.php\/wp-json\/wp\/v2\/users\/1"}],"replies":[{"embeddable":true,"href":"https:\/\/www.kropogpsykomotorik.dk\/index.php\/wp-json\/wp\/v2\/comments?post=1272"}],"version-history":[{"count":11,"href":"https:\/\/www.kropogpsykomotorik.dk\/index.php\/wp-json\/wp\/v2\/pages\/1272\/revisions"}],"predecessor-version":[{"id":1769,"href":"https:\/\/www.kropogpsykomotorik.dk\/index.php\/wp-json\/wp\/v2\/pages\/1272\/revisions\/1769"}],"up":[{"embeddable":true,"href":"https:\/\/www.kropogpsykomotorik.dk\/index.php\/wp-json\/wp\/v2\/pages\/36"}],"wp:attachment":[{"href":"https:\/\/www.kropogpsykomotorik.dk\/index.php\/wp-json\/wp\/v2\/media?parent=1272"}],"curies":[{"name":"wp","href":"https:\/\/api.w.org\/{rel}","templated":true}]}}